{"id":1007,"date":"2025-07-11T23:54:03","date_gmt":"2025-07-11T21:54:03","guid":{"rendered":"https:\/\/www.q-pilates.com\/estudi-badalona\/"},"modified":"2025-12-04T09:42:46","modified_gmt":"2025-12-04T08:42:46","slug":"pilates-studio-badalona","status":"publish","type":"page","link":"https:\/\/www.q-pilates.com\/en\/pilates-studio-badalona\/","title":{"rendered":"Studio Badalona"},"content":{"rendered":"\r\n\t\t<div  class=\"block-2101d161-cde1-4e2b-9993-387b084faee2 areoi-element my-5\">\r\n\t\t\t\r\n\t\t\t\n\r\n\t\t<div  class=\"block-70f01fd6-d604-4241-b77c-f0ca5ea1b1b1 row areoi-element row-estudi\">\r\n\t\t\t\r\n\r\n\t\t\t\n\r\n\t\t<div  class=\"block-9881f144-0029-4585-bea4-6b4a2a215813 col areoi-element col-4\">\r\n\t\t\t\r\n\t\t\t\n\r\n\t\t<div  class=\"block-21d9870d-3715-4886-b641-cbe2937469af areoi-element box-estudi\">\r\n\t\t\t\r\n\t\t\t\n\r\n\t\t<div  class=\"block-9ef67840-03f8-48c1-8e63-58fd94f5c11f areoi-element py-4 bg-gray\">\r\n\t\t\t\r\n\t\t\t\n\n<h2 class=\"wp-block-heading has-text-align-right mb-0 title-big\">QPIL<strong>A<\/strong>TES<\/h2>\n\n\r\n\t\t\t \r\n\t\t<\/div>\r\n\t\n\n\r\n\t\t<div  class=\"block-ef7802cc-46dc-4bfc-9502-2e5be324b814 areoi-element py-4\">\r\n\t\t\t\r\n\t\t\t\n\n<h2 class=\"wp-block-heading has-text-align-right mb-0 title-big title-color\">studio<\/h2>\n\n\r\n\t\t\t \r\n\t\t<\/div>\r\n\t\n\n\r\n\t\t<div  class=\"block-985e262c-47e3-40d7-9f72-f62ba1cc3e3f areoi-element py-4 last bg-gray\">\r\n\t\t\t\r\n\t\t\t\n\n<h2 class=\"wp-block-heading has-text-align-right mb-0 title-big\">BADALONA<\/h2>\n\n\r\n\t\t\t \r\n\t\t<\/div>\r\n\t\n\r\n\t\t\t \r\n\t\t<\/div>\r\n\t\n \r\n\t\t\t\r\n\t\t<\/div>\r\n\t\n\n\r\n\t\t<div  class=\"block-1892a292-e22a-43be-9cea-f7e2229d0ab0 col areoi-element col-2\">\r\n\t\t\t\r\n\t\t\t\n\r\n\t\t<div  class=\"block-7e2fdfbe-182c-42cb-b9f2-597d06eb4864 areoi-element h-100 bg-gray\">\r\n\t\t\t\r\n\t\t\t\r\n\t\t\t \r\n\t\t<\/div>\r\n\t\n \r\n\t\t\t\r\n\t\t<\/div>\r\n\t\n\n\r\n\t\t<div  class=\"block-26096856-1a95-4e9f-b161-3559518abe9a col areoi-element col-6\">\r\n\t\t\t\r\n\t\t\t\n\n<figure class=\"wp-block-image size-full img-full mb-0\"><img loading=\"lazy\" decoding=\"async\" width=\"1652\" height=\"980\" src=\"https:\/\/www.q-pilates.com\/wp-content\/uploads\/2025\/07\/Captura-de-Pantalla-2025-07-30-a-las-12.37.52.png\" alt=\"\" class=\"wp-image-727\" srcset=\"https:\/\/www.q-pilates.com\/wp-content\/uploads\/2025\/07\/Captura-de-Pantalla-2025-07-30-a-las-12.37.52.png 1652w, https:\/\/www.q-pilates.com\/wp-content\/uploads\/2025\/07\/Captura-de-Pantalla-2025-07-30-a-las-12.37.52-300x178.png 300w, https:\/\/www.q-pilates.com\/wp-content\/uploads\/2025\/07\/Captura-de-Pantalla-2025-07-30-a-las-12.37.52-1024x607.png 1024w, https:\/\/www.q-pilates.com\/wp-content\/uploads\/2025\/07\/Captura-de-Pantalla-2025-07-30-a-las-12.37.52-768x456.png 768w, https:\/\/www.q-pilates.com\/wp-content\/uploads\/2025\/07\/Captura-de-Pantalla-2025-07-30-a-las-12.37.52-1536x911.png 1536w\" sizes=\"auto, (max-width: 1652px) 100vw, 1652px\" \/><\/figure>\n\n \r\n\t\t\t\r\n\t\t<\/div>\r\n\t\n \r\n\t\t<\/div>\r\n\t\n\r\n\t\t\t \r\n\t\t<\/div>\r\n\t\n\n\r\n\t\t<div  class=\"block-45b9d596-29db-4e19-9adc-ddaa4d0f7f78 areoi-element width-100 bb bt py-3 mb-5\">\r\n\t\t\t\r\n\t\t\t\n\r\n\t\t<div  class=\"block-c09374e7-1ee7-4f23-9c14-a1915e5211f7 areoi-element\">\r\n\t\t\t\r\n\t\t\t\n\n<h1 class=\"wp-block-heading has-text-align-center title title-color mb-0 h3\">the <strong>first<\/strong> classic pilates studio in <strong>BADALONA<\/strong><\/h1>\n\n\r\n\t\t\t \r\n\t\t<\/div>\r\n\t\n\r\n\t\t\t \r\n\t\t<\/div>\r\n\t\n\n\r\n\t\t<div  class=\"block-ab13100e-6c41-4b9a-bbd4-0358735c149f areoi-element\">\r\n\t\t\t\r\n\t\t\t\n\r\n\t\t<div  class=\"block-4acdc6b8-2dfb-4859-8ad3-c7c8aae26bec row areoi-element gx-45 row-md gy-4\">\r\n\t\t\t\r\n\r\n\t\t\t\n\r\n\t\t<div  class=\"block-fce10c79-b4b7-4f42-9060-327cbcf8a552 col areoi-element col-7\">\r\n\t\t\t\r\n\t\t\t\n\r\n\t\t<div  class=\"block-ecb16be8-c862-4a98-8032-5b619e2357cb areoi-element mb-4\">\r\n\t\t\t\r\n\t\t\t\n\n<p><strong>QPILATES Torre\u00f3n Badalona<\/strong> is the first studio specialized in Classical Pilates located in the heart of Badalona.<\/p>\n\n\n\n<p>A welcoming, refined, and highly professional space where we practice the original method of Joseph Pilates, staying true to its essence and using the full range of classical apparatus: Reformer, Cadillac, Wunda Chair, Ladder Barrel, among others.<\/p>\n\n\n\n<p class=\"mb-0\">Our team is made up of highly qualified instructors, trained at internationally recognized schools in the Classical Pilates world and we keeo learning from Brooke Siler, Maria Earle, Fabien Manegon, and others.<\/p>\n\n\r\n\t\t\t \r\n\t\t<\/div>\r\n\t\n\n\r\n\t\t<div  class=\"block-6686e8b9-05e7-4659-83e7-01a734f8a76a areoi-element bg-gray p-3 mb-4\">\r\n\t\t\t\r\n\t\t\t\n\n<p class=\"mb-0\"><em><strong>Ens trobar\u00e0s al centre de Badalona, a 2 minuts de la Pla\u00e7a Pompeu Fabra (metro L2). Vine a descobrir el veritable Pilates cl\u00e0ssic i transforma el teu cos en una versi\u00f3 m\u00e9s forta, saludable i conscient de tu mateix\/a.<\/strong><\/em><\/p>\n\n\r\n\t\t\t \r\n\t\t<\/div>\r\n\t\n\n\r\n\t\t<div  class=\"block-88866017-aea6-44ea-85b9-33c078c94fb1 areoi-element\">\r\n\t\t\t\r\n\t\t\t\n\n<h2 class=\"wp-block-heading h5 mb-4\">PRIVATE CLASSES, tailored to you<\/h2>\n\n\n\n<p>We offer one-on-one sessions designed around your specific goals and needs:<\/p>\n\n\n\n<ul class=\"wp-block-list list-custom\">\n<li>Injury rehabilitation, herniated discs, joint pain, or postural tension<\/li>\n\n\n\n<li>Physical well-being: improved posture, strength, and flexibility<\/li>\n\n\n\n<li>Advanced fitness training and sports performance<\/li>\n<\/ul>\n\n\r\n\t\t\t \r\n\t\t<\/div>\r\n\t\n \r\n\t\t\t\r\n\t\t<\/div>\r\n\t\n\n\r\n\t\t<div  class=\"block-7e2e982a-2dda-4cc7-8f51-338aec9e56f1 col areoi-element order-md col-5\">\r\n\t\t\t\r\n\t\t\t\n\n<figure class=\"wp-block-image size-full mb-0 img-full\"><img loading=\"lazy\" decoding=\"async\" width=\"1244\" height=\"1494\" src=\"https:\/\/www.q-pilates.com\/wp-content\/uploads\/2025\/07\/Captura-de-Pantalla-2025-07-30-a-las-12.40.17.png\" alt=\"\" class=\"wp-image-735\" srcset=\"https:\/\/www.q-pilates.com\/wp-content\/uploads\/2025\/07\/Captura-de-Pantalla-2025-07-30-a-las-12.40.17.png 1244w, https:\/\/www.q-pilates.com\/wp-content\/uploads\/2025\/07\/Captura-de-Pantalla-2025-07-30-a-las-12.40.17-250x300.png 250w, https:\/\/www.q-pilates.com\/wp-content\/uploads\/2025\/07\/Captura-de-Pantalla-2025-07-30-a-las-12.40.17-853x1024.png 853w, https:\/\/www.q-pilates.com\/wp-content\/uploads\/2025\/07\/Captura-de-Pantalla-2025-07-30-a-las-12.40.17-768x922.png 768w\" sizes=\"auto, (max-width: 1244px) 100vw, 1244px\" \/><\/figure>\n\n \r\n\t\t\t\r\n\t\t<\/div>\r\n\t\n \r\n\t\t<\/div>\r\n\t\n\r\n\t\t\t \r\n\t\t<\/div>\r\n\t\n\n\r\n\t\t<div  class=\"block-0bd3a1d0-603e-48b2-9bf0-552e0a0df48b areoi-element mb-5\">\r\n\t\t\t\r\n\t\t\t\n\r\n\t\t<div  class=\"block-59e4131d-a41c-4ac4-97ba-c67ff540a27a row areoi-element gx-45 row-md gy-4\">\r\n\t\t\t\r\n\r\n\t\t\t\n\r\n\t\t<div  class=\"block-fce10c79-b4b7-4f42-9060-327cbcf8a552 col areoi-element col-7\">\r\n\t\t\t\r\n\t\t\t\n\r\n\t\t<div  class=\"block-88866017-aea6-44ea-85b9-33c078c94fb1 areoi-element\">\r\n\t\t\t\r\n\t\t\t\n\n<h2 class=\"wp-block-heading h5 mb-4\">With consistent, guided practice, you will achieve:<\/h2>\n\n\n\n<ul class=\"wp-block-list list-custom\">\n<li>Strengthening of the center (core) and overall postural improvement<\/li>\n\n\n\n<li>Recovery of joint and muscular mobility and flexibility<\/li>\n\n\n\n<li>Reduction of muscular pain, neck and lower back discomfort, and postural tension<\/li>\n\n\n\n<li>Improved body control, balance, and coordination<\/li>\n\n\n\n<li>Increased strength, agility, and functional stability<\/li>\n\n\n\n<li>Enhanced breathing and body-mind connection<\/li>\n\n\n\n<li>More confidence, energy, and focus in your daily life<\/li>\n<\/ul>\n\n\r\n\t\t\t \r\n\t\t<\/div>\r\n\t\n\n\r\n\t\t<div  class=\"block-02262039-c2d0-4783-aad4-bf99d5577255 areoi-element py-5\">\r\n\t\t\t\r\n\t\t\t\n\r\n\t\t<div  class=\"block-7c210469-d16a-44f3-bb2f-dce8dfbdaab9 areoi-element line-red\">\r\n\t\t\t\r\n\t\t\t\r\n\t\t\t \r\n\t\t<\/div>\r\n\t\n\r\n\t\t\t \r\n\t\t<\/div>\r\n\t\n\n\r\n\t\t<div  class=\"block-be33a62f-ce92-488a-8c04-60a73c574a0b areoi-element\">\r\n\t\t\t\r\n\t\t\t\n\n<h2 class=\"wp-block-heading title mb-4 h3\">PRICES <sub>(55-minute sessions)<\/sub><\/h2>\n\n\n\r\n\t\t<div  class=\"block-665cbe00-147f-407a-bd38-9fc4d5dae707 areoi-element box-bullet mb-4\">\r\n\t\t\t\r\n\t\t\t\n\n<h3 class=\"wp-block-heading has-text-align-center title-color mb-0 h5\">Initial assessment class <strong>63\u20ac<\/strong><\/h3>\n\n\r\n\t\t\t \r\n\t\t<\/div>\r\n\t\n\n\r\n\t\t<div  class=\"block-329602aa-8c0c-49bd-85eb-87b28b96aae6 areoi-element box-bullet mb-4\">\r\n\t\t\t\r\n\t\t\t\n\n<h3 class=\"wp-block-heading has-text-align-center title-color mb-0 h5\">Single session <strong>63\u20ac<\/strong><\/h3>\n\n\r\n\t\t\t \r\n\t\t<\/div>\r\n\t\n\n\r\n\t\t<div  class=\"block-8b32a40e-fe55-4b48-b7ef-2d287f09adc6 areoi-element box-bullet mb-4\">\r\n\t\t\t\r\n\t\t\t\n\n<h3 class=\"wp-block-heading has-text-align-center title-color mb-0 h5\">Monthly pass (4 classes) <strong>236\u20ac<\/strong>\/Month<\/h3>\n\n\r\n\t\t\t \r\n\t\t<\/div>\r\n\t\n\n\r\n\t\t<div  class=\"block-305ac828-d7d7-4663-bec8-63c5b506381e areoi-element box-bullet\">\r\n\t\t\t\r\n\t\t\t\n\n<h3 class=\"wp-block-heading has-text-align-center title-color mb-0 h5\">Monthly pass (8 classes) <strong>460\u20ac<\/strong>\/month<\/h3>\n\n\r\n\t\t\t \r\n\t\t<\/div>\r\n\t\n\r\n\t\t\t \r\n\t\t<\/div>\r\n\t\n \r\n\t\t\t\r\n\t\t<\/div>\r\n\t\n\n\r\n\t\t<div  class=\"block-7e2e982a-2dda-4cc7-8f51-338aec9e56f1 col areoi-element order-md col-5\">\r\n\t\t\t\r\n\t\t\t\n\n<figure class=\"wp-block-image size-full mb-0 img-full pt-5\"><img loading=\"lazy\" decoding=\"async\" width=\"1301\" height=\"1685\" src=\"https:\/\/www.q-pilates.com\/wp-content\/uploads\/2025\/07\/estudi-badalona2-1.jpg\" alt=\"\" class=\"wp-image-732\" srcset=\"https:\/\/www.q-pilates.com\/wp-content\/uploads\/2025\/07\/estudi-badalona2-1.jpg 1301w, https:\/\/www.q-pilates.com\/wp-content\/uploads\/2025\/07\/estudi-badalona2-1-232x300.jpg 232w, https:\/\/www.q-pilates.com\/wp-content\/uploads\/2025\/07\/estudi-badalona2-1-791x1024.jpg 791w, https:\/\/www.q-pilates.com\/wp-content\/uploads\/2025\/07\/estudi-badalona2-1-768x995.jpg 768w, https:\/\/www.q-pilates.com\/wp-content\/uploads\/2025\/07\/estudi-badalona2-1-1186x1536.jpg 1186w\" sizes=\"auto, (max-width: 1301px) 100vw, 1301px\" \/><\/figure>\n\n \r\n\t\t\t\r\n\t\t<\/div>\r\n\t\n \r\n\t\t<\/div>\r\n\t\n\r\n\t\t\t \r\n\t\t<\/div>\r\n\t\n\n\r\n\t\t<div  class=\"block-7a62f97b-5eaf-423b-84be-ad99ad71fec6 areoi-element bg-gray p-4 mb-5\">\r\n\t\t\t\r\n\t\t\t\n\n<h6 class=\"wp-block-heading has-text-align-center h5 mb-3 line2\">Available Monday to Friday, by appointment. Contact us to book your spot.<\/h6>\n\n\n\n<h6 class=\"wp-block-heading has-text-align-center h5 mb-0 line2\">contact: from monday to friday from 9 to 20H<\/h6>\n\n\r\n\t\t\t \r\n\t\t<\/div>\r\n\t\n\n\n<p class=\"has-text-align-center\">You\u2019ll find us in the center of Badalona, just 2 minutes from Pla\u00e7a Pompeu Fabra (Metro L2).<br><strong>Come discover the true Classical Pilates method and transform your body into a stronger, healthier, and more conscious version of yourself.<\/strong><\/p>\n\n\n\r\n\t\t<div  class=\"block-3ce6e241-9a5b-4152-9f5d-618025f80ed5 areoi-element mb-5 mt-5\">\r\n\t\t\t\r\n\t\t\t\n\r\n\t\t<div  class=\"block-1e019e3c-de12-4b85-9edd-9523709fcd76 row areoi-element row-estudi-img gy-4 row-lg-6 row-sm\">\r\n\t\t\t\r\n\r\n\t\t\t\n\r\n\t\t<div  class=\"block-38ed23a6-a395-4811-84e9-151d60009148 col areoi-element col-4\">\r\n\t\t\t\r\n\t\t\t\n\n<figure class=\"wp-block-image size-full mb-0\"><img loading=\"lazy\" decoding=\"async\" width=\"1164\" height=\"759\" src=\"https:\/\/www.q-pilates.com\/wp-content\/uploads\/2025\/07\/IMG_6181.jpg\" alt=\"\" class=\"wp-image-738\" srcset=\"https:\/\/www.q-pilates.com\/wp-content\/uploads\/2025\/07\/IMG_6181.jpg 1164w, https:\/\/www.q-pilates.com\/wp-content\/uploads\/2025\/07\/IMG_6181-300x196.jpg 300w, https:\/\/www.q-pilates.com\/wp-content\/uploads\/2025\/07\/IMG_6181-1024x668.jpg 1024w, https:\/\/www.q-pilates.com\/wp-content\/uploads\/2025\/07\/IMG_6181-768x501.jpg 768w\" sizes=\"auto, (max-width: 1164px) 100vw, 1164px\" \/><\/figure>\n\n \r\n\t\t\t\r\n\t\t<\/div>\r\n\t\n\n\r\n\t\t<div  class=\"block-f5c98ce7-768c-4936-bb80-1f552b1f8f0c col areoi-element col-4\">\r\n\t\t\t\r\n\t\t\t\n\n<figure class=\"wp-block-image size-full mb-0\"><img loading=\"lazy\" decoding=\"async\" width=\"1064\" height=\"732\" src=\"https:\/\/www.q-pilates.com\/wp-content\/uploads\/2025\/07\/IMG_6191.jpg\" alt=\"\" class=\"wp-image-740\" srcset=\"https:\/\/www.q-pilates.com\/wp-content\/uploads\/2025\/07\/IMG_6191.jpg 1064w, https:\/\/www.q-pilates.com\/wp-content\/uploads\/2025\/07\/IMG_6191-300x206.jpg 300w, https:\/\/www.q-pilates.com\/wp-content\/uploads\/2025\/07\/IMG_6191-1024x704.jpg 1024w, https:\/\/www.q-pilates.com\/wp-content\/uploads\/2025\/07\/IMG_6191-768x528.jpg 768w\" sizes=\"auto, (max-width: 1064px) 100vw, 1064px\" \/><\/figure>\n\n \r\n\t\t\t\r\n\t\t<\/div>\r\n\t\n\n\r\n\t\t<div  class=\"block-ce6fb764-dd02-4019-a5c3-b2e49aa68352 col areoi-element col-4\">\r\n\t\t\t\r\n\t\t\t\n\n<figure class=\"wp-block-image size-full mb-0\"><img loading=\"lazy\" decoding=\"async\" width=\"1024\" height=\"768\" src=\"https:\/\/www.q-pilates.com\/wp-content\/uploads\/2025\/07\/PHOTO-2023-06-06-11-31-53.jpg\" alt=\"\" class=\"wp-image-742\" srcset=\"https:\/\/www.q-pilates.com\/wp-content\/uploads\/2025\/07\/PHOTO-2023-06-06-11-31-53.jpg 1024w, https:\/\/www.q-pilates.com\/wp-content\/uploads\/2025\/07\/PHOTO-2023-06-06-11-31-53-300x225.jpg 300w, https:\/\/www.q-pilates.com\/wp-content\/uploads\/2025\/07\/PHOTO-2023-06-06-11-31-53-768x576.jpg 768w\" sizes=\"auto, (max-width: 1024px) 100vw, 1024px\" \/><\/figure>\n\n \r\n\t\t\t\r\n\t\t<\/div>\r\n\t\n \r\n\t\t<\/div>\r\n\t\n\r\n\t\t\t \r\n\t\t<\/div>\r\n\t","protected":false},"excerpt":{"rendered":"<p>You\u2019ll find us in the center of Badalona, just 2 minutes from Pla\u00e7a Pompeu Fabra (Metro L2).Come discover the true Classical Pilates method and transform your body into a stronger, healthier, and more conscious version of yourself.<\/p>\n","protected":false},"author":1,"featured_media":0,"parent":0,"menu_order":0,"comment_status":"closed","ping_status":"closed","template":"","meta":{"_acf_changed":false,"footnotes":""},"class_list":["post-1007","page","type-page","status-publish","hentry"],"acf":[],"yoast_head":"<!-- This site is optimized with the Yoast SEO plugin v26.7 - https:\/\/yoast.com\/wordpress\/plugins\/seo\/ -->\n<title>Pilates studio in Badalona - QPilates<\/title>\n<meta name=\"description\" content=\"QPILATES Torre\u00f3n Badalona is the first studio specializing in classical Pilates in the center of Badalona. Discover us here.\" \/>\n<meta name=\"robots\" content=\"index, follow, max-snippet:-1, max-image-preview:large, max-video-preview:-1\" \/>\n<link rel=\"canonical\" href=\"https:\/\/www.q-pilates.com\/en\/pilates-studio-badalona\/\" \/>\n<meta property=\"og:locale\" content=\"en_US\" \/>\n<meta property=\"og:type\" content=\"article\" \/>\n<meta property=\"og:title\" content=\"Pilates studio in Badalona - QPilates\" \/>\n<meta property=\"og:description\" content=\"QPILATES Torre\u00f3n Badalona is the first studio specializing in classical Pilates in the center of Badalona. Discover us here.\" \/>\n<meta property=\"og:url\" content=\"https:\/\/www.q-pilates.com\/en\/pilates-studio-badalona\/\" \/>\n<meta property=\"og:site_name\" content=\"QPilates\" \/>\n<meta property=\"article:modified_time\" content=\"2025-12-04T08:42:46+00:00\" \/>\n<meta property=\"og:image\" content=\"https:\/\/www.q-pilates.com\/wp-content\/uploads\/2025\/07\/Captura-de-Pantalla-2025-07-30-a-las-12.37.52-1024x607.png\" \/>\n\t<meta property=\"og:image:width\" content=\"1024\" \/>\n\t<meta property=\"og:image:height\" content=\"607\" \/>\n\t<meta property=\"og:image:type\" content=\"image\/png\" \/>\n<meta name=\"twitter:card\" content=\"summary_large_image\" \/>\n<meta name=\"twitter:label1\" content=\"Est. reading time\" \/>\n\t<meta name=\"twitter:data1\" content=\"3 minutes\" \/>\n<script type=\"application\/ld+json\" class=\"yoast-schema-graph\">{\"@context\":\"https:\/\/schema.org\",\"@graph\":[{\"@type\":\"WebPage\",\"@id\":\"https:\/\/www.q-pilates.com\/en\/pilates-studio-badalona\/\",\"url\":\"https:\/\/www.q-pilates.com\/en\/pilates-studio-badalona\/\",\"name\":\"Pilates studio in Badalona - QPilates\",\"isPartOf\":{\"@id\":\"https:\/\/www.q-pilates.com\/#website\"},\"primaryImageOfPage\":{\"@id\":\"https:\/\/www.q-pilates.com\/en\/pilates-studio-badalona\/#primaryimage\"},\"image\":{\"@id\":\"https:\/\/www.q-pilates.com\/en\/pilates-studio-badalona\/#primaryimage\"},\"thumbnailUrl\":\"https:\/\/www.q-pilates.com\/wp-content\/uploads\/2025\/07\/Captura-de-Pantalla-2025-07-30-a-las-12.37.52.png\",\"datePublished\":\"2025-07-11T21:54:03+00:00\",\"dateModified\":\"2025-12-04T08:42:46+00:00\",\"description\":\"QPILATES Torre\u00f3n Badalona is the first studio specializing in classical Pilates in the center of Badalona. Discover us here.\",\"breadcrumb\":{\"@id\":\"https:\/\/www.q-pilates.com\/en\/pilates-studio-badalona\/#breadcrumb\"},\"inLanguage\":\"en-US\",\"potentialAction\":[{\"@type\":\"ReadAction\",\"target\":[\"https:\/\/www.q-pilates.com\/en\/pilates-studio-badalona\/\"]}]},{\"@type\":\"ImageObject\",\"inLanguage\":\"en-US\",\"@id\":\"https:\/\/www.q-pilates.com\/en\/pilates-studio-badalona\/#primaryimage\",\"url\":\"https:\/\/www.q-pilates.com\/wp-content\/uploads\/2025\/07\/Captura-de-Pantalla-2025-07-30-a-las-12.37.52.png\",\"contentUrl\":\"https:\/\/www.q-pilates.com\/wp-content\/uploads\/2025\/07\/Captura-de-Pantalla-2025-07-30-a-las-12.37.52.png\"},{\"@type\":\"BreadcrumbList\",\"@id\":\"https:\/\/www.q-pilates.com\/en\/pilates-studio-badalona\/#breadcrumb\",\"itemListElement\":[{\"@type\":\"ListItem\",\"position\":1,\"name\":\"Inici\",\"item\":\"https:\/\/www.q-pilates.com\/en\/\"},{\"@type\":\"ListItem\",\"position\":2,\"name\":\"Studio Badalona\"}]},{\"@type\":\"WebSite\",\"@id\":\"https:\/\/www.q-pilates.com\/#website\",\"url\":\"https:\/\/www.q-pilates.com\/\",\"name\":\"Pilates\",\"description\":\"\",\"publisher\":{\"@id\":\"https:\/\/www.q-pilates.com\/#organization\"},\"potentialAction\":[{\"@type\":\"SearchAction\",\"target\":{\"@type\":\"EntryPoint\",\"urlTemplate\":\"https:\/\/www.q-pilates.com\/?s={search_term_string}\"},\"query-input\":{\"@type\":\"PropertyValueSpecification\",\"valueRequired\":true,\"valueName\":\"search_term_string\"}}],\"inLanguage\":\"en-US\"},{\"@type\":\"Organization\",\"@id\":\"https:\/\/www.q-pilates.com\/#organization\",\"name\":\"Pilates\",\"url\":\"https:\/\/www.q-pilates.com\/\",\"logo\":{\"@type\":\"ImageObject\",\"inLanguage\":\"en-US\",\"@id\":\"https:\/\/www.q-pilates.com\/#\/schema\/logo\/image\/\",\"url\":\"https:\/\/www.q-pilates.com\/wp-content\/uploads\/2025\/07\/logo.png\",\"contentUrl\":\"https:\/\/www.q-pilates.com\/wp-content\/uploads\/2025\/07\/logo.png\",\"width\":328,\"height\":198,\"caption\":\"Pilates\"},\"image\":{\"@id\":\"https:\/\/www.q-pilates.com\/#\/schema\/logo\/image\/\"}}]}<\/script>\n<!-- \/ Yoast SEO plugin. -->","yoast_head_json":{"title":"Pilates studio in Badalona - QPilates","description":"QPILATES Torre\u00f3n Badalona is the first studio specializing in classical Pilates in the center of Badalona. Discover us here.","robots":{"index":"index","follow":"follow","max-snippet":"max-snippet:-1","max-image-preview":"max-image-preview:large","max-video-preview":"max-video-preview:-1"},"canonical":"https:\/\/www.q-pilates.com\/en\/pilates-studio-badalona\/","og_locale":"en_US","og_type":"article","og_title":"Pilates studio in Badalona - QPilates","og_description":"QPILATES Torre\u00f3n Badalona is the first studio specializing in classical Pilates in the center of Badalona. Discover us here.","og_url":"https:\/\/www.q-pilates.com\/en\/pilates-studio-badalona\/","og_site_name":"QPilates","article_modified_time":"2025-12-04T08:42:46+00:00","og_image":[{"width":1024,"height":607,"url":"https:\/\/www.q-pilates.com\/wp-content\/uploads\/2025\/07\/Captura-de-Pantalla-2025-07-30-a-las-12.37.52-1024x607.png","type":"image\/png"}],"twitter_card":"summary_large_image","twitter_misc":{"Est. reading time":"3 minutes"},"schema":{"@context":"https:\/\/schema.org","@graph":[{"@type":"WebPage","@id":"https:\/\/www.q-pilates.com\/en\/pilates-studio-badalona\/","url":"https:\/\/www.q-pilates.com\/en\/pilates-studio-badalona\/","name":"Pilates studio in Badalona - QPilates","isPartOf":{"@id":"https:\/\/www.q-pilates.com\/#website"},"primaryImageOfPage":{"@id":"https:\/\/www.q-pilates.com\/en\/pilates-studio-badalona\/#primaryimage"},"image":{"@id":"https:\/\/www.q-pilates.com\/en\/pilates-studio-badalona\/#primaryimage"},"thumbnailUrl":"https:\/\/www.q-pilates.com\/wp-content\/uploads\/2025\/07\/Captura-de-Pantalla-2025-07-30-a-las-12.37.52.png","datePublished":"2025-07-11T21:54:03+00:00","dateModified":"2025-12-04T08:42:46+00:00","description":"QPILATES Torre\u00f3n Badalona is the first studio specializing in classical Pilates in the center of Badalona. Discover us here.","breadcrumb":{"@id":"https:\/\/www.q-pilates.com\/en\/pilates-studio-badalona\/#breadcrumb"},"inLanguage":"en-US","potentialAction":[{"@type":"ReadAction","target":["https:\/\/www.q-pilates.com\/en\/pilates-studio-badalona\/"]}]},{"@type":"ImageObject","inLanguage":"en-US","@id":"https:\/\/www.q-pilates.com\/en\/pilates-studio-badalona\/#primaryimage","url":"https:\/\/www.q-pilates.com\/wp-content\/uploads\/2025\/07\/Captura-de-Pantalla-2025-07-30-a-las-12.37.52.png","contentUrl":"https:\/\/www.q-pilates.com\/wp-content\/uploads\/2025\/07\/Captura-de-Pantalla-2025-07-30-a-las-12.37.52.png"},{"@type":"BreadcrumbList","@id":"https:\/\/www.q-pilates.com\/en\/pilates-studio-badalona\/#breadcrumb","itemListElement":[{"@type":"ListItem","position":1,"name":"Inici","item":"https:\/\/www.q-pilates.com\/en\/"},{"@type":"ListItem","position":2,"name":"Studio Badalona"}]},{"@type":"WebSite","@id":"https:\/\/www.q-pilates.com\/#website","url":"https:\/\/www.q-pilates.com\/","name":"Pilates","description":"","publisher":{"@id":"https:\/\/www.q-pilates.com\/#organization"},"potentialAction":[{"@type":"SearchAction","target":{"@type":"EntryPoint","urlTemplate":"https:\/\/www.q-pilates.com\/?s={search_term_string}"},"query-input":{"@type":"PropertyValueSpecification","valueRequired":true,"valueName":"search_term_string"}}],"inLanguage":"en-US"},{"@type":"Organization","@id":"https:\/\/www.q-pilates.com\/#organization","name":"Pilates","url":"https:\/\/www.q-pilates.com\/","logo":{"@type":"ImageObject","inLanguage":"en-US","@id":"https:\/\/www.q-pilates.com\/#\/schema\/logo\/image\/","url":"https:\/\/www.q-pilates.com\/wp-content\/uploads\/2025\/07\/logo.png","contentUrl":"https:\/\/www.q-pilates.com\/wp-content\/uploads\/2025\/07\/logo.png","width":328,"height":198,"caption":"Pilates"},"image":{"@id":"https:\/\/www.q-pilates.com\/#\/schema\/logo\/image\/"}}]}},"_links":{"self":[{"href":"https:\/\/www.q-pilates.com\/en\/wp-json\/wp\/v2\/pages\/1007","targetHints":{"allow":["GET"]}}],"collection":[{"href":"https:\/\/www.q-pilates.com\/en\/wp-json\/wp\/v2\/pages"}],"about":[{"href":"https:\/\/www.q-pilates.com\/en\/wp-json\/wp\/v2\/types\/page"}],"author":[{"embeddable":true,"href":"https:\/\/www.q-pilates.com\/en\/wp-json\/wp\/v2\/users\/1"}],"replies":[{"embeddable":true,"href":"https:\/\/www.q-pilates.com\/en\/wp-json\/wp\/v2\/comments?post=1007"}],"version-history":[{"count":10,"href":"https:\/\/www.q-pilates.com\/en\/wp-json\/wp\/v2\/pages\/1007\/revisions"}],"predecessor-version":[{"id":1321,"href":"https:\/\/www.q-pilates.com\/en\/wp-json\/wp\/v2\/pages\/1007\/revisions\/1321"}],"wp:attachment":[{"href":"https:\/\/www.q-pilates.com\/en\/wp-json\/wp\/v2\/media?parent=1007"}],"curies":[{"name":"wp","href":"https:\/\/api.w.org\/{rel}","templated":true}]}}