{"id":1024,"date":"2025-07-11T23:54:51","date_gmt":"2025-07-11T21:54:51","guid":{"rendered":"https:\/\/www.q-pilates.com\/contacte\/"},"modified":"2025-08-21T15:37:04","modified_gmt":"2025-08-21T13:37:04","slug":"contacto","status":"publish","type":"page","link":"https:\/\/www.q-pilates.com\/es\/contacto\/","title":{"rendered":"Contacto"},"content":{"rendered":"\r\n\t\t<div  class=\"block-f16e9ac1-607f-4c5e-b07b-5d9e1d85d40e areoi-element my-5\">\r\n\t\t\t\r\n\t\t\t\n\r\n\t\t<div  class=\"block-d67f0b46-8962-44af-acb7-cb88d8343e94 row areoi-element gx-xl-5 gy-4 row-lg\">\r\n\t\t\t\r\n\r\n\t\t\t\n\r\n\t\t<div  class=\"block-072595eb-6752-4d1e-b30d-27284b564181 col areoi-element col-6\">\r\n\t\t\t\r\n\t\t\t\n\n<figure class=\"wp-block-image size-full mb-0 img-full\"><img loading=\"lazy\" decoding=\"async\" width=\"2000\" height=\"1333\" src=\"https:\/\/www.q-pilates.com\/wp-content\/uploads\/2025\/07\/250612_QPilates_0002.jpg\" alt=\"\" class=\"wp-image-745\" srcset=\"https:\/\/www.q-pilates.com\/wp-content\/uploads\/2025\/07\/250612_QPilates_0002.jpg 2000w, https:\/\/www.q-pilates.com\/wp-content\/uploads\/2025\/07\/250612_QPilates_0002-300x200.jpg 300w, https:\/\/www.q-pilates.com\/wp-content\/uploads\/2025\/07\/250612_QPilates_0002-1024x682.jpg 1024w, https:\/\/www.q-pilates.com\/wp-content\/uploads\/2025\/07\/250612_QPilates_0002-768x512.jpg 768w, https:\/\/www.q-pilates.com\/wp-content\/uploads\/2025\/07\/250612_QPilates_0002-1536x1024.jpg 1536w\" sizes=\"auto, (max-width: 2000px) 100vw, 2000px\" \/><\/figure>\n\n \r\n\t\t\t\r\n\t\t<\/div>\r\n\t\n\n\r\n\t\t<div  class=\"block-bf73ae33-7480-48be-befd-8ce77ffc1305 col areoi-element col-6\">\r\n\t\t\t\r\n\t\t\t\n\n<h1 class=\"wp-block-heading has-text-align-center h6 mb-5\">ENV\u00cdA TU CONSULTA y NOS PONEREMOS EN CONTACTO CONTIGO.<\/h1>\n\n\n\r\n\t\t<div  class=\"block-39dbf2f9-8bd0-4a7b-b8d4-ece64661b8d9 areoi-element\">\r\n\t\t\t\r\n\t\t\t\n\n<div class=\"wp-block-contact-form-7-contact-form-selector\">\n<div class=\"wpcf7 no-js\" id=\"wpcf7-f1137-o1\" lang=\"es-ES\" dir=\"ltr\" data-wpcf7-id=\"1137\">\n<div class=\"screen-reader-response\"><p role=\"status\" aria-live=\"polite\" aria-atomic=\"true\"><\/p> <ul><\/ul><\/div>\n<form action=\"\/es\/wp-json\/wp\/v2\/pages\/1024#wpcf7-f1137-o1\" method=\"post\" class=\"wpcf7-form init\" aria-label=\"Formulario de contacto\" novalidate=\"novalidate\" data-status=\"init\">\n<fieldset class=\"hidden-fields-container\"><input type=\"hidden\" name=\"_wpcf7\" value=\"1137\" \/><input type=\"hidden\" name=\"_wpcf7_version\" value=\"6.1.4\" \/><input type=\"hidden\" name=\"_wpcf7_locale\" value=\"es_ES\" \/><input type=\"hidden\" name=\"_wpcf7_unit_tag\" value=\"wpcf7-f1137-o1\" \/><input type=\"hidden\" name=\"_wpcf7_container_post\" value=\"0\" \/><input type=\"hidden\" name=\"_wpcf7_posted_data_hash\" value=\"\" \/><input type=\"hidden\" name=\"_wpcf7_recaptcha_response\" value=\"\" \/>\n<\/fieldset>\n<div>\n\t<p><label><span class=\"wpcf7-form-control-wrap\" data-name=\"your-name\"><input size=\"40\" maxlength=\"400\" class=\"wpcf7-form-control wpcf7-text wpcf7-validates-as-required\" autocomplete=\"name\" aria-required=\"true\" aria-invalid=\"false\" placeholder=\"Nombre\" value=\"\" type=\"text\" name=\"your-name\" \/><\/span><\/label>\n\t<\/p>\n<\/div>\n<div class=\"row\">\n\t<div class=\"col-md-12\">\n\t\t<p><label><span class=\"wpcf7-form-control-wrap\" data-name=\"your-phone\"><input size=\"40\" maxlength=\"400\" class=\"wpcf7-form-control wpcf7-text wpcf7-validates-as-required\" aria-required=\"true\" aria-invalid=\"false\" placeholder=\"Tel\u00e9fono\" value=\"\" type=\"text\" name=\"your-phone\" \/><\/span><\/label>\n\t\t<\/p>\n\t<\/div>\n\t<div class=\"col-md-12\">\n\t\t<p><label><span class=\"wpcf7-form-control-wrap\" data-name=\"your-email\"><input size=\"40\" maxlength=\"400\" class=\"wpcf7-form-control wpcf7-email wpcf7-validates-as-required wpcf7-text wpcf7-validates-as-email\" autocomplete=\"email\" aria-required=\"true\" aria-invalid=\"false\" placeholder=\"E-mail\" value=\"\" type=\"email\" name=\"your-email\" \/><\/span><\/label>\n\t\t<\/p>\n\t<\/div>\n<\/div>\n<div>\n\t<p><label><span class=\"wpcf7-form-control-wrap\" data-name=\"your-message\"><textarea cols=\"40\" rows=\"10\" maxlength=\"2000\" class=\"wpcf7-form-control wpcf7-textarea\" aria-invalid=\"false\" placeholder=\"Consulta\" name=\"your-message\"><\/textarea><\/span><\/label>\n\t<\/p>\n\t<div class=\"line-textarea\">\n\t<\/div>\n<\/div>\n<div class=\"text-privacy\">\n\t<p>El responsable del tratamiento es xxx., con domicilio a xxxxx, con NIF xxxxx. Lo informamos que trataremos la informaci\u00f3n que nos facilite con el fin de responder su solicitud de informaci\u00f3n y remitirle comunicaciones comerciales sobre nuestros servicios que puedan ser de su inter\u00e9s. Si no desea recibir informaci\u00f3n comercial, puede ponerse en contacto con nosotros enviando un correo electr\u00f3nico a xxxx. Los datos personales proporcionados se conservar\u00e1n mientras no solicite la supresi\u00f3n. Lo informamos que tiene derecho a acceder a sus datos personales, as\u00ed como a solicitar la rectificaci\u00f3n de los datos inexactos o, si procede, solicitar su supresi\u00f3n en cualquier momento. La base legal para el tratamiento de sus datos es el consentimiento otorgado al hacer clic a la casilla de aceptaci\u00f3n al final de este formulario.\n\t<\/p>\n<\/div>\n<div class=\"row\">\n\t<div class=\"col-md-7\">\n\t\t<p><span class=\"wpcf7-form-control-wrap\" data-name=\"acceptance-189\"><span class=\"wpcf7-form-control wpcf7-acceptance\"><span class=\"wpcf7-list-item\"><label><input type=\"checkbox\" name=\"acceptance-189\" value=\"1\" aria-invalid=\"false\" \/><span class=\"wpcf7-list-item-label\">Acepto las condiciones de privacidad<\/span><\/label><\/span><\/span><\/span>\n\t\t<\/p>\n\t<\/div>\n\t<div class=\"col-md-5\">\n\t\t<div class=\"cont-btn btn btn-custom btn-outline-dark\">\n\t\t\t<p><input class=\"wpcf7-form-control wpcf7-submit has-spinner\" type=\"submit\" value=\"Enviar\" \/>\n\t\t\t<\/p>\n\t\t<\/div>\n\t<\/div>\n<\/div><div class=\"wpcf7-response-output\" aria-hidden=\"true\"><\/div>\n<\/form>\n<\/div>\n<\/div>\n\n\r\n\t\t\t \r\n\t\t<\/div>\r\n\t\n \r\n\t\t\t\r\n\t\t<\/div>\r\n\t\n \r\n\t\t<\/div>\r\n\t\n\r\n\t\t\t \r\n\t\t<\/div>\r\n\t\n\n\r\n\t\t<div  class=\"block-a45f1bcd-708d-4b75-8806-e12961fff9f5 areoi-element mb-5 map\">\r\n\t\t\t\r\n\t\t\t\n\n<iframe src=\"https:\/\/www.google.com\/maps\/embed?pb=!1m18!1m12!1m3!1d2993.2510478377335!2d2.1535164748992375!3d41.39035407129945!2m3!1f0!2f0!3f0!3m2!1i1024!2i768!4f13.1!3m3!1m2!1s0x12a4a28fe7e3d9f5%3A0x9bde43902f6ee2c5!2sQPILATES!5e0!3m2!1ses!2sbo!4v1752626198564!5m2!1ses!2sbo\" width=\"600\" height=\"450\" style=\"border:0;\" allowfullscreen=\"\" loading=\"lazy\" referrerpolicy=\"no-referrer-when-downgrade\"><\/iframe>\n\n\r\n\t\t\t \r\n\t\t<\/div>\r\n\t","protected":false},"excerpt":{"rendered":"<p>ENV\u00cdA TU CONSULTA y NOS PONEREMOS EN CONTACTO CONTIGO. [contact-form-7 id=\"fb44e9b\" title=\"Formulario de contacto\"]<\/p>\n","protected":false},"author":1,"featured_media":0,"parent":0,"menu_order":0,"comment_status":"closed","ping_status":"closed","template":"","meta":{"_acf_changed":false,"footnotes":""},"class_list":["post-1024","page","type-page","status-publish","hentry"],"acf":[],"yoast_head":"<!-- This site is optimized with the Yoast SEO plugin v26.7 - https:\/\/yoast.com\/wordpress\/plugins\/seo\/ -->\n<title>Contacto - QPilates<\/title>\n<meta name=\"robots\" content=\"index, follow, max-snippet:-1, max-image-preview:large, max-video-preview:-1\" \/>\n<link rel=\"canonical\" href=\"https:\/\/www.q-pilates.com\/es\/contacto\/\" \/>\n<meta property=\"og:locale\" content=\"es_ES\" \/>\n<meta property=\"og:type\" content=\"article\" \/>\n<meta property=\"og:title\" content=\"Contacto - QPilates\" \/>\n<meta property=\"og:description\" content=\"ENV\u00cdA TU CONSULTA y NOS PONEREMOS EN CONTACTO CONTIGO.\" \/>\n<meta property=\"og:url\" content=\"https:\/\/www.q-pilates.com\/es\/contacto\/\" \/>\n<meta property=\"og:site_name\" content=\"QPilates\" \/>\n<meta property=\"article:modified_time\" content=\"2025-08-21T13:37:04+00:00\" \/>\n<meta property=\"og:image\" content=\"https:\/\/www.q-pilates.com\/wp-content\/uploads\/2025\/07\/250612_QPilates_0002.jpg\" \/>\n\t<meta property=\"og:image:width\" content=\"2000\" \/>\n\t<meta property=\"og:image:height\" content=\"1333\" \/>\n\t<meta property=\"og:image:type\" content=\"image\/jpeg\" \/>\n<meta name=\"twitter:card\" content=\"summary_large_image\" \/>\n<script type=\"application\/ld+json\" class=\"yoast-schema-graph\">{\"@context\":\"https:\/\/schema.org\",\"@graph\":[{\"@type\":\"WebPage\",\"@id\":\"https:\/\/www.q-pilates.com\/es\/contacto\/\",\"url\":\"https:\/\/www.q-pilates.com\/es\/contacto\/\",\"name\":\"Contacto - QPilates\",\"isPartOf\":{\"@id\":\"https:\/\/www.q-pilates.com\/#website\"},\"primaryImageOfPage\":{\"@id\":\"https:\/\/www.q-pilates.com\/es\/contacto\/#primaryimage\"},\"image\":{\"@id\":\"https:\/\/www.q-pilates.com\/es\/contacto\/#primaryimage\"},\"thumbnailUrl\":\"https:\/\/www.q-pilates.com\/wp-content\/uploads\/2025\/07\/250612_QPilates_0002.jpg\",\"datePublished\":\"2025-07-11T21:54:51+00:00\",\"dateModified\":\"2025-08-21T13:37:04+00:00\",\"breadcrumb\":{\"@id\":\"https:\/\/www.q-pilates.com\/es\/contacto\/#breadcrumb\"},\"inLanguage\":\"es\",\"potentialAction\":[{\"@type\":\"ReadAction\",\"target\":[\"https:\/\/www.q-pilates.com\/es\/contacto\/\"]}]},{\"@type\":\"ImageObject\",\"inLanguage\":\"es\",\"@id\":\"https:\/\/www.q-pilates.com\/es\/contacto\/#primaryimage\",\"url\":\"https:\/\/www.q-pilates.com\/wp-content\/uploads\/2025\/07\/250612_QPilates_0002.jpg\",\"contentUrl\":\"https:\/\/www.q-pilates.com\/wp-content\/uploads\/2025\/07\/250612_QPilates_0002.jpg\"},{\"@type\":\"BreadcrumbList\",\"@id\":\"https:\/\/www.q-pilates.com\/es\/contacto\/#breadcrumb\",\"itemListElement\":[{\"@type\":\"ListItem\",\"position\":1,\"name\":\"Inici\",\"item\":\"https:\/\/www.q-pilates.com\/es\/\"},{\"@type\":\"ListItem\",\"position\":2,\"name\":\"Contacto\"}]},{\"@type\":\"WebSite\",\"@id\":\"https:\/\/www.q-pilates.com\/#website\",\"url\":\"https:\/\/www.q-pilates.com\/\",\"name\":\"Pilates\",\"description\":\"\",\"publisher\":{\"@id\":\"https:\/\/www.q-pilates.com\/#organization\"},\"potentialAction\":[{\"@type\":\"SearchAction\",\"target\":{\"@type\":\"EntryPoint\",\"urlTemplate\":\"https:\/\/www.q-pilates.com\/?s={search_term_string}\"},\"query-input\":{\"@type\":\"PropertyValueSpecification\",\"valueRequired\":true,\"valueName\":\"search_term_string\"}}],\"inLanguage\":\"es\"},{\"@type\":\"Organization\",\"@id\":\"https:\/\/www.q-pilates.com\/#organization\",\"name\":\"Pilates\",\"url\":\"https:\/\/www.q-pilates.com\/\",\"logo\":{\"@type\":\"ImageObject\",\"inLanguage\":\"es\",\"@id\":\"https:\/\/www.q-pilates.com\/#\/schema\/logo\/image\/\",\"url\":\"https:\/\/www.q-pilates.com\/wp-content\/uploads\/2025\/07\/logo.png\",\"contentUrl\":\"https:\/\/www.q-pilates.com\/wp-content\/uploads\/2025\/07\/logo.png\",\"width\":328,\"height\":198,\"caption\":\"Pilates\"},\"image\":{\"@id\":\"https:\/\/www.q-pilates.com\/#\/schema\/logo\/image\/\"}}]}<\/script>\n<!-- \/ Yoast SEO plugin. -->","yoast_head_json":{"title":"Contacto - QPilates","robots":{"index":"index","follow":"follow","max-snippet":"max-snippet:-1","max-image-preview":"max-image-preview:large","max-video-preview":"max-video-preview:-1"},"canonical":"https:\/\/www.q-pilates.com\/es\/contacto\/","og_locale":"es_ES","og_type":"article","og_title":"Contacto - QPilates","og_description":"ENV\u00cdA TU CONSULTA y NOS PONEREMOS EN CONTACTO CONTIGO.","og_url":"https:\/\/www.q-pilates.com\/es\/contacto\/","og_site_name":"QPilates","article_modified_time":"2025-08-21T13:37:04+00:00","og_image":[{"width":2000,"height":1333,"url":"https:\/\/www.q-pilates.com\/wp-content\/uploads\/2025\/07\/250612_QPilates_0002.jpg","type":"image\/jpeg"}],"twitter_card":"summary_large_image","schema":{"@context":"https:\/\/schema.org","@graph":[{"@type":"WebPage","@id":"https:\/\/www.q-pilates.com\/es\/contacto\/","url":"https:\/\/www.q-pilates.com\/es\/contacto\/","name":"Contacto - QPilates","isPartOf":{"@id":"https:\/\/www.q-pilates.com\/#website"},"primaryImageOfPage":{"@id":"https:\/\/www.q-pilates.com\/es\/contacto\/#primaryimage"},"image":{"@id":"https:\/\/www.q-pilates.com\/es\/contacto\/#primaryimage"},"thumbnailUrl":"https:\/\/www.q-pilates.com\/wp-content\/uploads\/2025\/07\/250612_QPilates_0002.jpg","datePublished":"2025-07-11T21:54:51+00:00","dateModified":"2025-08-21T13:37:04+00:00","breadcrumb":{"@id":"https:\/\/www.q-pilates.com\/es\/contacto\/#breadcrumb"},"inLanguage":"es","potentialAction":[{"@type":"ReadAction","target":["https:\/\/www.q-pilates.com\/es\/contacto\/"]}]},{"@type":"ImageObject","inLanguage":"es","@id":"https:\/\/www.q-pilates.com\/es\/contacto\/#primaryimage","url":"https:\/\/www.q-pilates.com\/wp-content\/uploads\/2025\/07\/250612_QPilates_0002.jpg","contentUrl":"https:\/\/www.q-pilates.com\/wp-content\/uploads\/2025\/07\/250612_QPilates_0002.jpg"},{"@type":"BreadcrumbList","@id":"https:\/\/www.q-pilates.com\/es\/contacto\/#breadcrumb","itemListElement":[{"@type":"ListItem","position":1,"name":"Inici","item":"https:\/\/www.q-pilates.com\/es\/"},{"@type":"ListItem","position":2,"name":"Contacto"}]},{"@type":"WebSite","@id":"https:\/\/www.q-pilates.com\/#website","url":"https:\/\/www.q-pilates.com\/","name":"Pilates","description":"","publisher":{"@id":"https:\/\/www.q-pilates.com\/#organization"},"potentialAction":[{"@type":"SearchAction","target":{"@type":"EntryPoint","urlTemplate":"https:\/\/www.q-pilates.com\/?s={search_term_string}"},"query-input":{"@type":"PropertyValueSpecification","valueRequired":true,"valueName":"search_term_string"}}],"inLanguage":"es"},{"@type":"Organization","@id":"https:\/\/www.q-pilates.com\/#organization","name":"Pilates","url":"https:\/\/www.q-pilates.com\/","logo":{"@type":"ImageObject","inLanguage":"es","@id":"https:\/\/www.q-pilates.com\/#\/schema\/logo\/image\/","url":"https:\/\/www.q-pilates.com\/wp-content\/uploads\/2025\/07\/logo.png","contentUrl":"https:\/\/www.q-pilates.com\/wp-content\/uploads\/2025\/07\/logo.png","width":328,"height":198,"caption":"Pilates"},"image":{"@id":"https:\/\/www.q-pilates.com\/#\/schema\/logo\/image\/"}}]}},"_links":{"self":[{"href":"https:\/\/www.q-pilates.com\/es\/wp-json\/wp\/v2\/pages\/1024","targetHints":{"allow":["GET"]}}],"collection":[{"href":"https:\/\/www.q-pilates.com\/es\/wp-json\/wp\/v2\/pages"}],"about":[{"href":"https:\/\/www.q-pilates.com\/es\/wp-json\/wp\/v2\/types\/page"}],"author":[{"embeddable":true,"href":"https:\/\/www.q-pilates.com\/es\/wp-json\/wp\/v2\/users\/1"}],"replies":[{"embeddable":true,"href":"https:\/\/www.q-pilates.com\/es\/wp-json\/wp\/v2\/comments?post=1024"}],"version-history":[{"count":3,"href":"https:\/\/www.q-pilates.com\/es\/wp-json\/wp\/v2\/pages\/1024\/revisions"}],"predecessor-version":[{"id":1139,"href":"https:\/\/www.q-pilates.com\/es\/wp-json\/wp\/v2\/pages\/1024\/revisions\/1139"}],"wp:attachment":[{"href":"https:\/\/www.q-pilates.com\/es\/wp-json\/wp\/v2\/media?parent=1024"}],"curies":[{"name":"wp","href":"https:\/\/api.w.org\/{rel}","templated":true}]}}