{"id":902,"date":"2025-07-11T23:53:46","date_gmt":"2025-07-11T21:53:46","guid":{"rendered":"https:\/\/www.q-pilates.com\/tarifes\/"},"modified":"2026-03-12T16:14:02","modified_gmt":"2026-03-12T15:14:02","slug":"tarifas","status":"publish","type":"page","link":"https:\/\/www.q-pilates.com\/es\/tarifas\/","title":{"rendered":"Tarifas"},"content":{"rendered":"\r\n\t\t<div  class=\"block-d8e2144d-a8a0-4d9f-a209-0d64a2066eb8 areoi-element my-5\">\r\n\t\t\t\r\n\t\t\t\n\n<figure class=\"wp-block-image aligncenter size-medium is-resized mb-0 w-100\"><img decoding=\"async\" src=\"https:\/\/www.q-pilates.com\/wp-content\/uploads\/2025\/08\/precios_pilates_barcelona-1-300x225.jpg\" alt=\"\" class=\"wp-image-1154\" style=\"width:433px\"\/><\/figure>\n\n\r\n\t\t\t \r\n\t\t<\/div>\r\n\t\n\n\r\n\t\t<div  class=\"block-83084887-7972-4c95-8a01-9c8e9445a186 areoi-element mb-5 pt-3\">\r\n\t\t\t\r\n\t\t\t\n\r\n\t\t<div  class=\"block-47086bbc-440b-4834-bb0e-090f62df0162 areoi-element box-tarifa ps-0 title-bullet\">\r\n\t\t\t\r\n\t\t\t\n\n<h2 class=\"wp-block-heading has-text-align-center title title-color mb-0\">CLASES EN GRUPO DE 5 PERSONAS<\/h2>\n\n\r\n\t\t\t \r\n\t\t<\/div>\r\n\t\n\n\r\n\t\t<div  class=\"block-b29b1223-50d5-463d-ae61-981af588dad9 areoi-element box-tarifa box-tarifa-bg\">\r\n\t\t\t\r\n\t\t\t\n\n<h3 class=\"wp-block-heading has-text-align-center h5 title-color  mt-3\">Pack de iniciaci\u00f3n: 3 clases privadas por <strong>183\u20ac<\/strong><\/h3>\n\n\n\n<p class=\"has-text-align-center mb-0\"><em>(Para conocer mejor el m\u00e9todo antes de entrar en grupo)<\/em><\/p>\n\n\r\n\t\t\t \r\n\t\t<\/div>\r\n\t\n\n\r\n\t\t<div  class=\"block-2958be11-5d88-4397-a48c-58c17d979acb areoi-element box-tarifa box-tarifa-bg\">\r\n\t\t\t\r\n\t\t\t\n\n<h3 class=\"wp-block-heading has-text-align-center h5 title-color mb-0\">Clase de prueba <strong>22,90\u20ac<\/strong><\/h3>\n\n\n\n<p class=\"has-text-align-center\"><em>Una clase por persona, exclusiva para nuevos clientes que adquieran una membres\u00eda o pack de clase<\/em>s<\/p>\n\n\r\n\t\t\t \r\n\t\t<\/div>\r\n\t\n\n\r\n\t\t<div  class=\"block-a03d8bb4-5a39-423f-b7e4-a366847e36b6 areoi-element  box-tarifa-bg box-tarifa\">\r\n\t\t\t\r\n\t\t\t\n\n<h3 class=\"wp-block-heading has-text-align-center h6 mb-3\">SOLO DE LUNES A VIERNES ENTRE SEPTIEMBRE Y JULIO. <\/h3>\n\n\r\n\t\t\t \r\n\t\t<\/div>\r\n\t\n\n\n<h5 class=\"wp-block-heading has-text-align-center mb-4 mt-3\">MODALITATS A TRIAR:<\/h5>\n\n\n\r\n\t\t<div  class=\"block-8479a290-7cdb-4023-8877-0efbfba38211 row areoi-element row-md gy-4\">\r\n\t\t\t\r\n\r\n\t\t\t\n\r\n\t\t<div  class=\"block-19aef62a-ac67-43d5-b1da-4de2a233f75f col areoi-element col-6\">\r\n\t\t\t\r\n\t\t\t\n\r\n\t\t<div  class=\"block-3b11fa04-af5d-4cc6-9976-36e122f28a6b areoi-element p-5 bg-gray h-100\">\r\n\t\t\t\r\n\t\t\t\n\r\n\t\t<div  class=\"block-ceec8001-cba3-4a3c-93c5-58a443c41835 areoi-element mb-4 p-4 bg-white  border-0\">\r\n\t\t\t\r\n\t\t\t\n\n<h5 class=\"wp-block-heading has-text-align-center mb-0\">mensualidad <sub><em>(v\u00e1lido del 1 al \u00faltimo d\u00eda del mes)<\/em><\/sub><\/h5>\n\n\r\n\t\t\t \r\n\t\t<\/div>\r\n\t\n\n\r\n\t\t<div  class=\"block-9015c185-6c1e-4bdf-933b-7eee4a172ac2 areoi-element box-tarifa bg-white\">\r\n\t\t\t\r\n\t\t\t\n\n<h6 class=\"wp-block-heading has-text-align-center  title-color\">1 clase por semana <strong>96\u202f\u20ac\/mes<\/strong><\/h6>\n\n\n\n<p class=\"has-text-align-center mb-0\">(4 clases al mes)<\/p>\n\n\r\n\t\t\t \r\n\t\t<\/div>\r\n\t\n\n\r\n\t\t<div  class=\"block-7501d13c-abe1-4537-81a9-f381158655e7 areoi-element box-tarifa bg-white\">\r\n\t\t\t\r\n\t\t\t\n\n<h6 class=\"wp-block-heading has-text-align-center  title-color\">2 clases por semana<br><strong>178\u202f\u20ac\/mes<\/strong><\/h6>\n\n\n\n<p class=\"has-text-align-center mb-0\">(8 clases al mes)<\/p>\n\n\r\n\t\t\t \r\n\t\t<\/div>\r\n\t\n\n\r\n\t\t<div  class=\"block-a8b73aa6-5a67-4fbc-bfdf-b55602ff4902 areoi-element box-tarifa bg-white\">\r\n\t\t\t\r\n\t\t\t\n\n<h6 class=\"wp-block-heading has-text-align-center  title-color\">3 clases por semana<br><strong>260\u202f\u20ac\/mes<\/strong><\/h6>\n\n\n\n<p class=\"has-text-align-center mb-0\">(12 clases al mes)<\/p>\n\n\r\n\t\t\t \r\n\t\t<\/div>\r\n\t\n\r\n\t\t\t \r\n\t\t<\/div>\r\n\t\n \r\n\t\t\t\r\n\t\t<\/div>\r\n\t\n\n\r\n\t\t<div  class=\"block-3f814796-3b51-4bc9-8185-2c3943e09361 col areoi-element col-6\">\r\n\t\t\t\r\n\t\t\t\n\r\n\t\t<div  class=\"block-1b3da217-699e-4363-9fd2-20a17e3f0c1d areoi-element p-5 bg-gray h-100\">\r\n\t\t\t\r\n\t\t\t\n\r\n\t\t<div  class=\"block-776a48c0-2f4a-4577-9ff3-92d330895815 areoi-element mb-4 p-4 bg-white  border-0\">\r\n\t\t\t\r\n\t\t\t\n\n<h5 class=\"wp-block-heading has-text-align-center mb-0\">&nbsp;bonos flexibles o packs<\/h5>\n\n\r\n\t\t\t \r\n\t\t<\/div>\r\n\t\n\n\r\n\t\t<div  class=\"block-8cc4f217-478c-43e3-99cb-1013f4c55567 areoi-element box-tarifa bg-white\">\r\n\t\t\t\r\n\t\t\t\n\n<h6 class=\"wp-block-heading has-text-align-center  title-color\">Clase suelta <strong>26,50\u202f\u20ac<\/strong><\/h6>\n\n\n\n<p class=\"has-text-align-center mb-0\"><em>(clase puntual, fines de semana, agosto y festivos)<\/em><\/p>\n\n\r\n\t\t\t \r\n\t\t<\/div>\r\n\t\n\n\r\n\t\t<div  class=\"block-321e4604-c369-4098-a119-55497a3aa52e areoi-element box-tarifa bg-white\">\r\n\t\t\t\r\n\t\t\t\n\n<h6 class=\"wp-block-heading has-text-align-center  title-color\">Pack de 5 clases grupales <strong>128\u202f\u20ac<\/strong><\/h6>\n\n\n\n<p class=\"has-text-align-center mb-0\"><em>(v\u00e1lido 2 meses)<\/em><\/p>\n\n\r\n\t\t\t \r\n\t\t<\/div>\r\n\t\n\n\r\n\t\t<div  class=\"block-e999bfc8-345f-482c-b484-948e0885777b areoi-element box-tarifa bg-white\">\r\n\t\t\t\r\n\t\t\t\n\n<h6 class=\"wp-block-heading has-text-align-center  title-color\">Pack de 10 clases grupales <strong>250\u20ac<\/strong><\/h6>\n\n\n\n<p class=\"has-text-align-center mb-0\"><em>(v\u00e1lido 4 meses)<\/em><\/p>\n\n\r\n\t\t\t \r\n\t\t<\/div>\r\n\t\n\r\n\t\t\t \r\n\t\t<\/div>\r\n\t\n \r\n\t\t\t\r\n\t\t<\/div>\r\n\t\n \r\n\t\t<\/div>\r\n\t\n\r\n\t\t\t \r\n\t\t<\/div>\r\n\t\n\n\r\n\t\t<div  class=\"block-7e9c4cad-a21e-4e1a-8da0-5efcd5a7ea6f areoi-element mb-4\">\r\n\t\t\t\r\n\t\t\t\n\r\n\t\t<div  class=\"block-208fc43b-1dcb-4047-9667-bf9f7b23cf9e row areoi-element gx-xl-5 row-md\">\r\n\t\t\t\r\n\r\n\t\t\t\n\r\n\t\t<div  class=\"block-96c17bac-9827-4e1a-82c2-3dec31415941 col areoi-element col-8\">\r\n\t\t\t\r\n\t\t\t\n\r\n\t\t<div  class=\"block-9569db85-f596-496a-95fc-34ab55d367ef areoi-element\">\r\n\t\t\t\r\n\t\t\t\n\r\n\t\t<div  class=\"block-bf8c2201-73b3-44b9-b13f-3ffdb5088190 areoi-element box-tarifa ps-0 title-bullet\">\r\n\t\t\t\r\n\t\t\t\n\n<h2 class=\"wp-block-heading title mb-0\">CLASES PRiVADAS<\/h2>\n\n\r\n\t\t\t \r\n\t\t<\/div>\r\n\t\n\n\r\n\t\t<div  class=\"block-81cd1e46-a0d2-4306-b6fa-b1822e3718ee areoi-element box-tarifa box-tarifa-bg\">\r\n\t\t\t\r\n\t\t\t\n\n<h3 class=\"wp-block-heading has-text-align-center h5 title-color mt-3\">Primera clase <strong>58,90\u202f\u20ac<\/strong><\/h3>\n\n\n\n<p class=\"has-text-align-center\"><em>(solo de lunes a viernes entre septiembre y julio)<\/em><\/p>\n\n\r\n\t\t\t \r\n\t\t<\/div>\r\n\t\n\n\r\n\t\t<div  class=\"block-a6f6361d-e800-4ee9-a1e0-c909c806640e areoi-element box-tarifa box-tarifa-bg\">\r\n\t\t\t\r\n\t\t\t\n\n<h3 class=\"wp-block-heading has-text-align-center h5 title-color mb-0\">CLASE \u00daNiCA <strong>63\u20ac<\/strong><\/h3>\n\n\n\n<p class=\"has-text-align-center\"><em>(clase puntual, fines de semana, agosto y festivos)<\/em><\/p>\n\n\r\n\t\t\t \r\n\t\t<\/div>\r\n\t\n\n\r\n\t\t<div  class=\"block-96a64979-61f6-440f-8060-72155c4616e1 areoi-element box-tarifa box-tarifa-bg\">\r\n\t\t\t\r\n\t\t\t\n\n<h3 class=\"wp-block-heading has-text-align-center h5 title-color mb-0\">PACK 4 CLASES <strong>249\u20ac<\/strong><\/h3>\n\n\n\n<p class=\"has-text-align-center\"><em>(v\u00e1lido 2 meses)<\/em><\/p>\n\n\r\n\t\t\t \r\n\t\t<\/div>\r\n\t\n\n\r\n\t\t<div  class=\"block-47086bbc-440b-4834-bb0e-090f62df0162 areoi-element box-tarifa box-tarifa-bg\">\r\n\t\t\t\r\n\t\t\t\n\n<h3 class=\"wp-block-heading has-text-align-center h5 title-color mb-0\">PACK 8 CLASES <strong>464\u20ac<\/strong><\/h3>\n\n\n\n<p class=\"has-text-align-center\"><em>(v\u00e1lido 3 meses)<\/em><\/p>\n\n\r\n\t\t\t \r\n\t\t<\/div>\r\n\t\n\n\r\n\t\t<div  class=\"block-b29b1223-50d5-463d-ae61-981af588dad9 areoi-element box-tarifa box-tarifa-bg\">\r\n\t\t\t\r\n\t\t\t\n\n<h3 class=\"wp-block-heading has-text-align-center h5 title-color mb-3\">PACK 12 CLASES <strong>660\u20ac<\/strong><\/h3>\n\n\n\n<p class=\"has-text-align-center\"><em>(v\u00e1lido 5 meses)<\/em><\/p>\n\n\r\n\t\t\t \r\n\t\t<\/div>\r\n\t\n\r\n\t\t\t \r\n\t\t<\/div>\r\n\t\n\n\r\n\t\t<div  class=\"block-9569db85-f596-496a-95fc-34ab55d367ef areoi-element\">\r\n\t\t\t\r\n\t\t\t\n\r\n\t\t<div  class=\"block-bc49697a-58ba-4df6-8fa8-acb312128de5 areoi-element box-tarifa ps-0 title-bullet mt-5\">\r\n\t\t\t\r\n\t\t\t\n\n<h3 class=\"wp-block-heading title mb-0\">CLASES D\u00fao<\/h3>\n\n\r\n\t\t\t \r\n\t\t<\/div>\r\n\t\n\n\r\n\t\t<div  class=\"block-9808c1da-938b-41cd-ad9e-a6f3034964a0 areoi-element box-tarifa box-tarifa-bg\">\r\n\t\t\t\r\n\t\t\t\n\n<h3 class=\"wp-block-heading has-text-align-center h5 title-color mt-3 mb-0\">Clase suelta <strong>39\u20ac<\/strong><\/h3>\n\n\r\n\t\t\t \r\n\t\t<\/div>\r\n\t\n\n\r\n\t\t<div  class=\"block-a6f6361d-e800-4ee9-a1e0-c909c806640e areoi-element box-tarifa box-tarifa-bg\">\r\n\t\t\t\r\n\t\t\t\n\n<h3 class=\"wp-block-heading has-text-align-center h5 title-color mb-0\">Pack de 4 clases <strong>150\u20ac<\/strong> \/PERSONA<\/h3>\n\n\r\n\t\t\t \r\n\t\t<\/div>\r\n\t\n\n\r\n\t\t<div  class=\"block-96a64979-61f6-440f-8060-72155c4616e1 areoi-element box-tarifa box-tarifa-bg\">\r\n\t\t\t\r\n\t\t\t\n\n<h3 class=\"wp-block-heading has-text-align-center h5 title-color mb-3\">Pack de 8 clases <strong>288\u20ac<\/strong> \/PERSONA<\/h3>\n\n\r\n\t\t\t \r\n\t\t<\/div>\r\n\t\n\r\n\t\t\t \r\n\t\t<\/div>\r\n\t\n \r\n\t\t\t\r\n\t\t<\/div>\r\n\t\n\n\r\n\t\t<div  class=\"block-a0255804-344b-490c-9d71-3a953ee5ac54 col areoi-element order-md d-none d-sm-none d-md-block\">\r\n\t\t\t\r\n\t\t\t\n\n<figure class=\"wp-block-image size-full mb-0 img-full\"><img decoding=\"async\" src=\"https:\/\/www.q-pilates.com\/wp-content\/uploads\/2025\/08\/precios_pilates_barcelona.jpg\" alt=\"\" class=\"wp-image-1071\"\/><\/figure>\n\n \r\n\t\t\t\r\n\t\t<\/div>\r\n\t\n \r\n\t\t<\/div>\r\n\t\n\r\n\t\t\t \r\n\t\t<\/div>\r\n\t","protected":false},"excerpt":{"rendered":"<p>CLASES EN GRUPO DE 5 PERSONAS Pack de iniciaci\u00f3n: 3 clases privadas por 183\u20ac (Para conocer mejor el m\u00e9todo antes de entrar en grupo) Clase de prueba 22,90\u20ac Una clase por persona, exclusiva para nuevos clientes que adquieran una membres\u00eda o pack de clases SOLO<\/p>\n","protected":false},"author":1,"featured_media":0,"parent":0,"menu_order":0,"comment_status":"closed","ping_status":"closed","template":"","meta":{"_acf_changed":false,"footnotes":""},"class_list":["post-902","page","type-page","status-publish","hentry"],"acf":[],"yoast_head":"<!-- This site is optimized with the Yoast SEO plugin v26.7 - https:\/\/yoast.com\/wordpress\/plugins\/seo\/ -->\n<title>Tarifas - QPilates<\/title>\n<meta name=\"robots\" content=\"index, follow, max-snippet:-1, max-image-preview:large, max-video-preview:-1\" \/>\n<link rel=\"canonical\" href=\"https:\/\/www.q-pilates.com\/es\/tarifas\/\" \/>\n<meta property=\"og:locale\" content=\"es_ES\" \/>\n<meta property=\"og:type\" content=\"article\" \/>\n<meta property=\"og:title\" content=\"Tarifas - QPilates\" \/>\n<meta property=\"og:description\" content=\"CLASES EN GRUPO DE 5 PERSONAS Pack de iniciaci\u00f3n: 3 clases privadas por 183\u20ac (Para conocer mejor el m\u00e9todo antes de entrar en grupo) Clase de prueba 22,90\u20ac Una clase por persona, exclusiva para nuevos clientes que adquieran una membres\u00eda o pack de clases SOLO\" \/>\n<meta property=\"og:url\" content=\"https:\/\/www.q-pilates.com\/es\/tarifas\/\" \/>\n<meta property=\"og:site_name\" content=\"QPilates\" \/>\n<meta property=\"article:modified_time\" content=\"2026-03-12T15:14:02+00:00\" \/>\n<meta name=\"twitter:card\" content=\"summary_large_image\" \/>\n<meta name=\"twitter:label1\" content=\"Tiempo de lectura\" \/>\n\t<meta name=\"twitter:data1\" content=\"2 minutos\" \/>\n<script type=\"application\/ld+json\" class=\"yoast-schema-graph\">{\"@context\":\"https:\/\/schema.org\",\"@graph\":[{\"@type\":\"WebPage\",\"@id\":\"https:\/\/www.q-pilates.com\/es\/tarifas\/\",\"url\":\"https:\/\/www.q-pilates.com\/es\/tarifas\/\",\"name\":\"Tarifas - QPilates\",\"isPartOf\":{\"@id\":\"https:\/\/www.q-pilates.com\/#website\"},\"primaryImageOfPage\":{\"@id\":\"https:\/\/www.q-pilates.com\/es\/tarifas\/#primaryimage\"},\"image\":{\"@id\":\"https:\/\/www.q-pilates.com\/es\/tarifas\/#primaryimage\"},\"thumbnailUrl\":\"https:\/\/www.q-pilates.com\/wp-content\/uploads\/2025\/08\/precios_pilates_barcelona-1-300x225.jpg\",\"datePublished\":\"2025-07-11T21:53:46+00:00\",\"dateModified\":\"2026-03-12T15:14:02+00:00\",\"breadcrumb\":{\"@id\":\"https:\/\/www.q-pilates.com\/es\/tarifas\/#breadcrumb\"},\"inLanguage\":\"es\",\"potentialAction\":[{\"@type\":\"ReadAction\",\"target\":[\"https:\/\/www.q-pilates.com\/es\/tarifas\/\"]}]},{\"@type\":\"ImageObject\",\"inLanguage\":\"es\",\"@id\":\"https:\/\/www.q-pilates.com\/es\/tarifas\/#primaryimage\",\"url\":\"https:\/\/www.q-pilates.com\/wp-content\/uploads\/2025\/08\/precios_pilates_barcelona-1-300x225.jpg\",\"contentUrl\":\"https:\/\/www.q-pilates.com\/wp-content\/uploads\/2025\/08\/precios_pilates_barcelona-1-300x225.jpg\"},{\"@type\":\"BreadcrumbList\",\"@id\":\"https:\/\/www.q-pilates.com\/es\/tarifas\/#breadcrumb\",\"itemListElement\":[{\"@type\":\"ListItem\",\"position\":1,\"name\":\"Inici\",\"item\":\"https:\/\/www.q-pilates.com\/es\/\"},{\"@type\":\"ListItem\",\"position\":2,\"name\":\"Tarifas\"}]},{\"@type\":\"WebSite\",\"@id\":\"https:\/\/www.q-pilates.com\/#website\",\"url\":\"https:\/\/www.q-pilates.com\/\",\"name\":\"Pilates\",\"description\":\"\",\"publisher\":{\"@id\":\"https:\/\/www.q-pilates.com\/#organization\"},\"potentialAction\":[{\"@type\":\"SearchAction\",\"target\":{\"@type\":\"EntryPoint\",\"urlTemplate\":\"https:\/\/www.q-pilates.com\/?s={search_term_string}\"},\"query-input\":{\"@type\":\"PropertyValueSpecification\",\"valueRequired\":true,\"valueName\":\"search_term_string\"}}],\"inLanguage\":\"es\"},{\"@type\":\"Organization\",\"@id\":\"https:\/\/www.q-pilates.com\/#organization\",\"name\":\"Pilates\",\"url\":\"https:\/\/www.q-pilates.com\/\",\"logo\":{\"@type\":\"ImageObject\",\"inLanguage\":\"es\",\"@id\":\"https:\/\/www.q-pilates.com\/#\/schema\/logo\/image\/\",\"url\":\"https:\/\/www.q-pilates.com\/wp-content\/uploads\/2025\/07\/logo.png\",\"contentUrl\":\"https:\/\/www.q-pilates.com\/wp-content\/uploads\/2025\/07\/logo.png\",\"width\":328,\"height\":198,\"caption\":\"Pilates\"},\"image\":{\"@id\":\"https:\/\/www.q-pilates.com\/#\/schema\/logo\/image\/\"}}]}<\/script>\n<!-- \/ Yoast SEO plugin. -->","yoast_head_json":{"title":"Tarifas - QPilates","robots":{"index":"index","follow":"follow","max-snippet":"max-snippet:-1","max-image-preview":"max-image-preview:large","max-video-preview":"max-video-preview:-1"},"canonical":"https:\/\/www.q-pilates.com\/es\/tarifas\/","og_locale":"es_ES","og_type":"article","og_title":"Tarifas - QPilates","og_description":"CLASES EN GRUPO DE 5 PERSONAS Pack de iniciaci\u00f3n: 3 clases privadas por 183\u20ac (Para conocer mejor el m\u00e9todo antes de entrar en grupo) Clase de prueba 22,90\u20ac Una clase por persona, exclusiva para nuevos clientes que adquieran una membres\u00eda o pack de clases SOLO","og_url":"https:\/\/www.q-pilates.com\/es\/tarifas\/","og_site_name":"QPilates","article_modified_time":"2026-03-12T15:14:02+00:00","twitter_card":"summary_large_image","twitter_misc":{"Tiempo de lectura":"2 minutos"},"schema":{"@context":"https:\/\/schema.org","@graph":[{"@type":"WebPage","@id":"https:\/\/www.q-pilates.com\/es\/tarifas\/","url":"https:\/\/www.q-pilates.com\/es\/tarifas\/","name":"Tarifas - QPilates","isPartOf":{"@id":"https:\/\/www.q-pilates.com\/#website"},"primaryImageOfPage":{"@id":"https:\/\/www.q-pilates.com\/es\/tarifas\/#primaryimage"},"image":{"@id":"https:\/\/www.q-pilates.com\/es\/tarifas\/#primaryimage"},"thumbnailUrl":"https:\/\/www.q-pilates.com\/wp-content\/uploads\/2025\/08\/precios_pilates_barcelona-1-300x225.jpg","datePublished":"2025-07-11T21:53:46+00:00","dateModified":"2026-03-12T15:14:02+00:00","breadcrumb":{"@id":"https:\/\/www.q-pilates.com\/es\/tarifas\/#breadcrumb"},"inLanguage":"es","potentialAction":[{"@type":"ReadAction","target":["https:\/\/www.q-pilates.com\/es\/tarifas\/"]}]},{"@type":"ImageObject","inLanguage":"es","@id":"https:\/\/www.q-pilates.com\/es\/tarifas\/#primaryimage","url":"https:\/\/www.q-pilates.com\/wp-content\/uploads\/2025\/08\/precios_pilates_barcelona-1-300x225.jpg","contentUrl":"https:\/\/www.q-pilates.com\/wp-content\/uploads\/2025\/08\/precios_pilates_barcelona-1-300x225.jpg"},{"@type":"BreadcrumbList","@id":"https:\/\/www.q-pilates.com\/es\/tarifas\/#breadcrumb","itemListElement":[{"@type":"ListItem","position":1,"name":"Inici","item":"https:\/\/www.q-pilates.com\/es\/"},{"@type":"ListItem","position":2,"name":"Tarifas"}]},{"@type":"WebSite","@id":"https:\/\/www.q-pilates.com\/#website","url":"https:\/\/www.q-pilates.com\/","name":"Pilates","description":"","publisher":{"@id":"https:\/\/www.q-pilates.com\/#organization"},"potentialAction":[{"@type":"SearchAction","target":{"@type":"EntryPoint","urlTemplate":"https:\/\/www.q-pilates.com\/?s={search_term_string}"},"query-input":{"@type":"PropertyValueSpecification","valueRequired":true,"valueName":"search_term_string"}}],"inLanguage":"es"},{"@type":"Organization","@id":"https:\/\/www.q-pilates.com\/#organization","name":"Pilates","url":"https:\/\/www.q-pilates.com\/","logo":{"@type":"ImageObject","inLanguage":"es","@id":"https:\/\/www.q-pilates.com\/#\/schema\/logo\/image\/","url":"https:\/\/www.q-pilates.com\/wp-content\/uploads\/2025\/07\/logo.png","contentUrl":"https:\/\/www.q-pilates.com\/wp-content\/uploads\/2025\/07\/logo.png","width":328,"height":198,"caption":"Pilates"},"image":{"@id":"https:\/\/www.q-pilates.com\/#\/schema\/logo\/image\/"}}]}},"_links":{"self":[{"href":"https:\/\/www.q-pilates.com\/es\/wp-json\/wp\/v2\/pages\/902","targetHints":{"allow":["GET"]}}],"collection":[{"href":"https:\/\/www.q-pilates.com\/es\/wp-json\/wp\/v2\/pages"}],"about":[{"href":"https:\/\/www.q-pilates.com\/es\/wp-json\/wp\/v2\/types\/page"}],"author":[{"embeddable":true,"href":"https:\/\/www.q-pilates.com\/es\/wp-json\/wp\/v2\/users\/1"}],"replies":[{"embeddable":true,"href":"https:\/\/www.q-pilates.com\/es\/wp-json\/wp\/v2\/comments?post=902"}],"version-history":[{"count":15,"href":"https:\/\/www.q-pilates.com\/es\/wp-json\/wp\/v2\/pages\/902\/revisions"}],"predecessor-version":[{"id":1485,"href":"https:\/\/www.q-pilates.com\/es\/wp-json\/wp\/v2\/pages\/902\/revisions\/1485"}],"wp:attachment":[{"href":"https:\/\/www.q-pilates.com\/es\/wp-json\/wp\/v2\/media?parent=902"}],"curies":[{"name":"wp","href":"https:\/\/api.w.org\/{rel}","templated":true}]}}