{"id":916,"date":"2025-07-11T23:53:11","date_gmt":"2025-07-11T21:53:11","guid":{"rendered":"https:\/\/www.q-pilates.com\/classes\/"},"modified":"2026-02-10T16:05:01","modified_gmt":"2026-02-10T15:05:01","slug":"clases-pilates","status":"publish","type":"page","link":"https:\/\/www.q-pilates.com\/es\/clases-pilates\/","title":{"rendered":"Clases"},"content":{"rendered":"\r\n\t\t<div  class=\"block-4bfa09d2-4a35-4ade-b701-8f9ba6e580af areoi-element my-5\">\r\n\t\t\t\r\n\t\t\t\n\n<figure class=\"wp-block-image size-full w-100 mb-0\"><img decoding=\"async\" src=\"https:\/\/www.q-pilates.com\/wp-content\/uploads\/2026\/02\/classes_pilates_barcelona.jpg\" alt=\"Classes de pilates buida a Barcelona amb m\u00e0quines cl\u00e0ssiques.\" class=\"wp-image-1410\"\/><\/figure>\n\n\r\n\t\t\t \r\n\t\t<\/div>\r\n\t\n\n\r\n\t\t<div  class=\"block-b6e8e8dc-18d3-47c7-89ff-561659d583b2 areoi-element mb-5\">\r\n\t\t\t\r\n\t\t\t\n\n<h1 class=\"wp-block-heading has-text-align-center\">Clases de pilates<\/h1>\n\n\n\n<h2 class=\"wp-block-heading has-text-align-center title title-color mb-0\" id=\"privadas\">En QPILATES ofrecemos diferentes formatos de clase para que cada persona encuentre su camino dentro del m\u00e9todo, con una <strong>ATENCi\u00d3n PERSONALiZADA<\/strong> y UNA <strong>PROGRESi\u00d3n SEGURA.<\/strong><\/h2>\n\n\r\n\t\t\t \r\n\t\t<\/div>\r\n\t\n\n\r\n\t\t<div  class=\"block-44a5c99c-2882-49bc-a46f-ac38d6d88703 areoi-element mb-5\">\r\n\t\t\t\r\n\t\t\t\n\r\n\t\t<div  class=\"block-074b3c77-b4fd-4ce4-8c11-7d6a935fd096 row areoi-element gx-0 row-classes row-sm\">\r\n\t\t\t\r\n\r\n\t\t\t\n\r\n\t\t<div  class=\"block-47386d7d-9ca3-4169-a705-a4113a75634e col areoi-element col-12 col-md-5\">\r\n\t\t\t\r\n\t\t\t\n\n<figure class=\"wp-block-image size-full mb-0\"><img decoding=\"async\" src=\"https:\/\/www.q-pilates.com\/wp-content\/uploads\/2026\/02\/clases_pilates_individuales_barcelona.jpg\" alt=\"Hombre en una clase de pilates individual en barcelona\" class=\"wp-image-1411\"\/><\/figure>\n\n \r\n\t\t\t\r\n\t\t<\/div>\r\n\t\n\n\r\n\t\t<div  class=\"block-42b8c472-6a6c-4df9-a38c-43f1fc1dc07c col areoi-element col-12 col-md-7\">\r\n\t\t\t\r\n\t\t\t\n\r\n\t\t<div  class=\"block-7b38482f-39f3-4d79-b662-78f02e8582e7 areoi-element py-5 ps-xl-5 ps-4 box-classes box1\">\r\n\t\t\t\r\n\t\t\t\n\n<h2 class=\"wp-block-heading has-text-align-right h5 mb-5\">Clases de pilates privadas con aparatos cl\u00e1sicos<\/h2>\n\n\n\n<p>Sesiones individuales en una sala exclusiva equipada con los aparatos originales del m\u00e9todo cl\u00e1sico: <em>Cadillac, Reformer, Wunda Chair, Ladder Barrel, Foot Corrector, Small Barrel, Magic Circle y Mat<\/em>.<\/p>\n\n\n\n<p>Las clases se adaptan a tus objetivos:<\/p>\n\n\n\n<h3 class=\"wp-block-heading h6\">Rehabilitaci\u00f3n de lesiones<\/h3>\n\n\n\n<p>Patolog\u00edas o malas posturas: trabajo enfocado en recuperar movilidad, fuerza y salud funcional.<\/p>\n\n\n\n<h3 class=\"wp-block-heading h6\">Embarazo<\/h3>\n\n\n\n<p>Clases adaptadas para preparar la musculatura profunda y las articulaciones para el parto.<\/p>\n\n\n\n<h3 class=\"wp-block-heading h6\">Progresi\u00f3n y rendimiento<\/h3>\n\n\n\n<p>Secuencias cada vez m\u00e1s exigentes que construyen un cuerpo fuerte, flexible y \u00e1gil, con movimientos avanzados.<\/p>\n\n\r\n\t\t\t \r\n\t\t<\/div>\r\n\t\n \r\n\t\t\t\r\n\t\t<\/div>\r\n\t\n \r\n\t\t<\/div>\r\n\t\n\r\n\t\t\t \r\n\t\t<\/div>\r\n\t\n\n\r\n\t\t<div  class=\"block-2ff670d0-ccc7-4c0d-b017-22500e77b73a areoi-element mb-5\">\r\n\t\t\t\r\n\t\t\t\n\r\n\t\t<div  class=\"block-75822034-bdc2-4a80-b066-17dbe1565f4c row areoi-element gx-0 row-classes row-sm\">\r\n\t\t\t\r\n\r\n\t\t\t\n\r\n\t\t<div  class=\"block-42b8c472-6a6c-4df9-a38c-43f1fc1dc07c col areoi-element col-12 col-md-7\">\r\n\t\t\t\r\n\t\t\t\n\r\n\t\t<div  class=\"block-7b38482f-39f3-4d79-b662-78f02e8582e7 areoi-element py-5 pe-xl-5 pe-4 box-classes box2\">\r\n\t\t\t\r\n\t\t\t\n\n<h2 class=\"wp-block-heading has-text-align-right h5 mb-5\">Clases de pilates d\u00fao<\/h2>\n\n\n\n<p class=\"mb-5\" id=\"personas\">Clases semiprivadas para dos personas. Con atenci\u00f3n exclusiva de una instructora que guiar\u00e1 la sesi\u00f3n, corregir\u00e1 a cada alumno\/a y adaptar\u00e1 la secuencia a sus necesidades espec\u00edficas. Horario a convenir.<\/p>\n\n\r\n\t\t\t \r\n\t\t<\/div>\r\n\t\n \r\n\t\t\t\r\n\t\t<\/div>\r\n\t\n\n\r\n\t\t<div  class=\"block-47386d7d-9ca3-4169-a705-a4113a75634e col areoi-element box2 order-sm col-12 col-md-5\">\r\n\t\t\t\r\n\t\t\t\n\n<figure class=\"wp-block-image size-full mb-0\"><img decoding=\"async\" src=\"https:\/\/www.q-pilates.com\/wp-content\/uploads\/2026\/02\/classes_pilates_duo_barcelona.jpg\" alt=\"Home i dona a Classe de Pilates duo a Barcelona amb aparells\" class=\"wp-image-1412\"\/><\/figure>\n\n \r\n\t\t\t\r\n\t\t<\/div>\r\n\t\n \r\n\t\t<\/div>\r\n\t\n\r\n\t\t\t \r\n\t\t<\/div>\r\n\t\n\n\r\n\t\t<div  class=\"block-dc8c8323-3339-4d71-ac95-a70b3868fb8d areoi-element mb-5\">\r\n\t\t\t\r\n\t\t\t\n\r\n\t\t<div  class=\"block-b71c62fb-a701-4f67-b885-e57461fef3ee row areoi-element gx-0 row-classes row-sm\">\r\n\t\t\t\r\n\r\n\t\t\t\n\r\n\t\t<div  class=\"block-47386d7d-9ca3-4169-a705-a4113a75634e col areoi-element col-12 col-md-5\">\r\n\t\t\t\r\n\t\t\t\n\n<figure class=\"wp-block-image size-full mb-0\"><img loading=\"lazy\" decoding=\"async\" width=\"2000\" height=\"1000\" src=\"https:\/\/www.q-pilates.com\/wp-content\/uploads\/2025\/07\/classe-privada-barcelona.jpg\" alt=\"\" class=\"wp-image-703\" srcset=\"https:\/\/www.q-pilates.com\/wp-content\/uploads\/2025\/07\/classe-privada-barcelona.jpg 2000w, https:\/\/www.q-pilates.com\/wp-content\/uploads\/2025\/07\/classe-privada-barcelona-300x150.jpg 300w, https:\/\/www.q-pilates.com\/wp-content\/uploads\/2025\/07\/classe-privada-barcelona-1024x512.jpg 1024w, https:\/\/www.q-pilates.com\/wp-content\/uploads\/2025\/07\/classe-privada-barcelona-768x384.jpg 768w, https:\/\/www.q-pilates.com\/wp-content\/uploads\/2025\/07\/classe-privada-barcelona-1536x768.jpg 1536w\" sizes=\"auto, (max-width: 2000px) 100vw, 2000px\" \/><\/figure>\n\n \r\n\t\t\t\r\n\t\t<\/div>\r\n\t\n\n\r\n\t\t<div  class=\"block-42b8c472-6a6c-4df9-a38c-43f1fc1dc07c col areoi-element col-12 col-md-7\">\r\n\t\t\t\r\n\t\t\t\n\r\n\t\t<div  class=\"block-7b38482f-39f3-4d79-b662-78f02e8582e7 areoi-element py-5 ps-xl-5 ps-4 box-classes box1\">\r\n\t\t\t\r\n\t\t\t\n\n<h2 class=\"wp-block-heading has-text-align-right h5 mb-5\">Clases de pilates en grupo de 5 personas<\/h2>\n\n\n\n<p>Trabajamos en grupos reducidos para garantizar una atenci\u00f3n individualizada y una ejecuci\u00f3n correcta de los ejercicios.<\/p>\n\n\r\n\t\t\t \r\n\t\t<\/div>\r\n\t\n \r\n\t\t\t\r\n\t\t<\/div>\r\n\t\n \r\n\t\t<\/div>\r\n\t\n\r\n\t\t\t \r\n\t\t<\/div>\r\n\t\n\n\r\n\t\t<div  class=\"block-11add2d7-8f9a-47b8-898b-f71a84918446 areoi-element mb-5\">\r\n\t\t\t\r\n\t\t\t\n\n<h2 class=\"wp-block-heading has-text-align-center title title-color mb-5 h6\">contamos con DE <strong>5 NiVELeS<\/strong> para ASEGURAR UNA PROGRESi\u00d3n SEGURA y EFECTiVA<\/h2>\n\n\n\r\n\t\t<div  class=\"block-8d0e7427-9ad8-4a62-b18c-588c701c8848 areoi-element div-equipo\">\r\n\t\t\t\r\n\t\t\t\n\n\n\n\n<div id=\"equipo-block_558147117dc8e91471ff5245ff2ea63c\" class=\"equipo-class \">\n\n\n\n    <div class=\"row gy-5\">\n                                    <div class=\"col-md-4 col-sm-6 col-12\">\n                    <div class=\"equipo-content\">\n                        <div class=\"position-relative\">\n                            <img decoding=\"async\" src=\"https:\/\/www.q-pilates.com\/wp-content\/uploads\/2025\/07\/pilates-group60.jpg\" >\n                            <div class=\"equipo-descripcion\">\n                                <div class=\"equipo-close text-end\">\n                                    <span class=\"dashicons dashicons-no-alt\"><\/span>\n                                <\/div>\n                                Para personas mayores de 60 a\u00f1os que requieren ejercicios adaptados y considerar ciertas condiciones f\u00edsicas (lesiones o patolog\u00edas), con un ritmo controlado y seguro que favorezca el bienestar, la fuerza y la flexibilidad.                            <\/div>\n                        <\/div>\n                        <div class=\"equipo-name py-2 bb\">\n                            <h4 class=\"text-center py-1 h6 mb-0\">STRETCHING<\/h4>\n                        <\/div>\n                    <\/div>\n                <\/div>\n                            <div class=\"col-md-4 col-sm-6 col-12\">\n                    <div class=\"equipo-content\">\n                        <div class=\"position-relative\">\n                            <img decoding=\"async\" src=\"https:\/\/www.q-pilates.com\/wp-content\/uploads\/2025\/08\/clases_pilates_inicio_barcelona.jpg\" >\n                            <div class=\"equipo-descripcion\">\n                                <div class=\"equipo-close text-end\">\n                                    <span class=\"dashicons dashicons-no-alt\"><\/span>\n                                <\/div>\n                                Nivel b\u00e1sico del sistema. Aqu\u00ed aprender\u00e1s los ejercicios fundamentales, la respiraci\u00f3n correcta y la activaci\u00f3n del centro de fuerza (core), que te permitir\u00e1 avanzar a niveles superiores. Se gana movilidad articular, mejora la condici\u00f3n de la columna vertebral y se fortalecen las conexiones neuromotoras.                            <\/div>\n                        <\/div>\n                        <div class=\"equipo-name py-2 bb\">\n                            <h4 class=\"text-center py-1 h6 mb-0\">INICIAL<\/h4>\n                        <\/div>\n                    <\/div>\n                <\/div>\n                            <div class=\"col-md-4 col-sm-6 col-12\">\n                    <div class=\"equipo-content\">\n                        <div class=\"position-relative\">\n                            <img decoding=\"async\" src=\"https:\/\/www.q-pilates.com\/wp-content\/uploads\/2025\/07\/Copia-de-IMG6422-WEBSITE-1170.png\" >\n                            <div class=\"equipo-descripcion\">\n                                <div class=\"equipo-close text-end\">\n                                    <span class=\"dashicons dashicons-no-alt\"><\/span>\n                                <\/div>\n                                Es necesario haber integrado previamente los fundamentos y haber construido el centro de fuerza. Se trabaja con m\u00e1s variedad de planos de movimiento y un mayor desaf\u00edo f\u00edsico, aplicando conceptos como los vectores de fuerza y el control desde el centro. Una vez integrado este nivel, el alumno es capaz de realizar todos los movimientos des del centro de fuerza con control.                            <\/div>\n                        <\/div>\n                        <div class=\"equipo-name py-2 bb\">\n                            <h4 class=\"text-center py-1 h6 mb-0\">CORE<\/h4>\n                        <\/div>\n                    <\/div>\n                <\/div>\n                            <div class=\"col-md-4 col-sm-6 col-12\">\n                    <div class=\"equipo-content\">\n                        <div class=\"position-relative\">\n                            <img decoding=\"async\" src=\"https:\/\/www.q-pilates.com\/wp-content\/uploads\/2025\/08\/clases_pilates_intermedias_barcelona.jpg\" >\n                            <div class=\"equipo-descripcion\">\n                                <div class=\"equipo-close text-end\">\n                                    <span class=\"dashicons dashicons-no-alt\"><\/span>\n                                <\/div>\n                                Es un nivel fluido. Los participantes dominan los ejercicios b\u00e1sicos, practican los ejercicios intermedios y los ejecutan sin pausas, con precisi\u00f3n, fluidez y control corporal.                            <\/div>\n                        <\/div>\n                        <div class=\"equipo-name py-2 bb\">\n                            <h4 class=\"text-center py-1 h6 mb-0\">INTERMIG<\/h4>\n                        <\/div>\n                    <\/div>\n                <\/div>\n                            <div class=\"col-md-4 col-sm-6 col-12\">\n                    <div class=\"equipo-content\">\n                        <div class=\"position-relative\">\n                            <img decoding=\"async\" src=\"https:\/\/www.q-pilates.com\/wp-content\/uploads\/2025\/08\/clases_pilates_avanzadas_barcelona.jpg\" >\n                            <div class=\"equipo-descripcion\">\n                                <div class=\"equipo-close text-end\">\n                                    <span class=\"dashicons dashicons-no-alt\"><\/span>\n                                <\/div>\n                                Dirigido a personas con a\u00f1os de pr\u00e1ctica y profundo conocimiento del m\u00e9todo. Requiere un control corporal definido, dominio de los ejercicios y un alto grado de fuerza, flexibilidad, equilibrio, movilidad vertebral y articular. Es imprescindible haber completado la progresi\u00f3n desde los niveles anteriores.                            <\/div>\n                        <\/div>\n                        <div class=\"equipo-name py-2 bb\">\n                            <h4 class=\"text-center py-1 h6 mb-0\">AVAN\u00c7AT<\/h4>\n                        <\/div>\n                    <\/div>\n                <\/div>\n                    \n    <\/div>\n\n\n<\/div>\n\n\n\r\n\t\t\t \r\n\t\t<\/div>\r\n\t\n\r\n\t\t\t \r\n\t\t<\/div>\r\n\t","protected":false},"excerpt":{"rendered":"<p>Clases de pilates En QPILATES ofrecemos diferentes formatos de clase para que cada persona encuentre su camino dentro del m\u00e9todo, con una ATENCi\u00d3n PERSONALiZADA y UNA PROGRESi\u00d3n SEGURA. Clases de pilates privadas con aparatos cl\u00e1sicos Sesiones individuales en una sala exclusiva equipada con los aparatos<\/p>\n","protected":false},"author":1,"featured_media":0,"parent":0,"menu_order":0,"comment_status":"closed","ping_status":"closed","template":"","meta":{"_acf_changed":false,"footnotes":""},"class_list":["post-916","page","type-page","status-publish","hentry"],"acf":[],"yoast_head":"<!-- This site is optimized with the Yoast SEO plugin v26.7 - https:\/\/yoast.com\/wordpress\/plugins\/seo\/ -->\n<title>Clases de Pilates en Barcelona - QPilates<\/title>\n<meta name=\"description\" content=\"Descubre todas nuestras modalidades de clases de pilates en Barcelona. Escoge la que m\u00e1s se adapte a ti y recibe atenci\u00f3n personalizada.\" \/>\n<meta name=\"robots\" content=\"index, follow, max-snippet:-1, max-image-preview:large, max-video-preview:-1\" \/>\n<link rel=\"canonical\" href=\"https:\/\/www.q-pilates.com\/es\/clases-pilates\/\" \/>\n<meta property=\"og:locale\" content=\"es_ES\" \/>\n<meta property=\"og:type\" content=\"article\" \/>\n<meta property=\"og:title\" content=\"Clases de Pilates en Barcelona - QPilates\" \/>\n<meta property=\"og:description\" content=\"Descubre todas nuestras modalidades de clases de pilates en Barcelona. Escoge la que m\u00e1s se adapte a ti y recibe atenci\u00f3n personalizada.\" \/>\n<meta property=\"og:url\" content=\"https:\/\/www.q-pilates.com\/es\/clases-pilates\/\" \/>\n<meta property=\"og:site_name\" content=\"QPilates\" \/>\n<meta property=\"article:modified_time\" content=\"2026-02-10T15:05:01+00:00\" \/>\n<meta name=\"twitter:card\" content=\"summary_large_image\" \/>\n<meta name=\"twitter:label1\" content=\"Tiempo de lectura\" \/>\n\t<meta name=\"twitter:data1\" content=\"2 minutos\" \/>\n<script type=\"application\/ld+json\" class=\"yoast-schema-graph\">{\"@context\":\"https:\/\/schema.org\",\"@graph\":[{\"@type\":\"WebPage\",\"@id\":\"https:\/\/www.q-pilates.com\/es\/clases-pilates\/\",\"url\":\"https:\/\/www.q-pilates.com\/es\/clases-pilates\/\",\"name\":\"Clases de Pilates en Barcelona - QPilates\",\"isPartOf\":{\"@id\":\"https:\/\/www.q-pilates.com\/#website\"},\"primaryImageOfPage\":{\"@id\":\"https:\/\/www.q-pilates.com\/es\/clases-pilates\/#primaryimage\"},\"image\":{\"@id\":\"https:\/\/www.q-pilates.com\/es\/clases-pilates\/#primaryimage\"},\"thumbnailUrl\":\"https:\/\/www.q-pilates.com\/wp-content\/uploads\/2026\/02\/classes_pilates_barcelona.jpg\",\"datePublished\":\"2025-07-11T21:53:11+00:00\",\"dateModified\":\"2026-02-10T15:05:01+00:00\",\"description\":\"Descubre todas nuestras modalidades de clases de pilates en Barcelona. Escoge la que m\u00e1s se adapte a ti y recibe atenci\u00f3n personalizada.\",\"breadcrumb\":{\"@id\":\"https:\/\/www.q-pilates.com\/es\/clases-pilates\/#breadcrumb\"},\"inLanguage\":\"es\",\"potentialAction\":[{\"@type\":\"ReadAction\",\"target\":[\"https:\/\/www.q-pilates.com\/es\/clases-pilates\/\"]}]},{\"@type\":\"ImageObject\",\"inLanguage\":\"es\",\"@id\":\"https:\/\/www.q-pilates.com\/es\/clases-pilates\/#primaryimage\",\"url\":\"https:\/\/www.q-pilates.com\/wp-content\/uploads\/2026\/02\/classes_pilates_barcelona.jpg\",\"contentUrl\":\"https:\/\/www.q-pilates.com\/wp-content\/uploads\/2026\/02\/classes_pilates_barcelona.jpg\"},{\"@type\":\"BreadcrumbList\",\"@id\":\"https:\/\/www.q-pilates.com\/es\/clases-pilates\/#breadcrumb\",\"itemListElement\":[{\"@type\":\"ListItem\",\"position\":1,\"name\":\"Inici\",\"item\":\"https:\/\/www.q-pilates.com\/es\/\"},{\"@type\":\"ListItem\",\"position\":2,\"name\":\"Clases\"}]},{\"@type\":\"WebSite\",\"@id\":\"https:\/\/www.q-pilates.com\/#website\",\"url\":\"https:\/\/www.q-pilates.com\/\",\"name\":\"Pilates\",\"description\":\"\",\"publisher\":{\"@id\":\"https:\/\/www.q-pilates.com\/#organization\"},\"potentialAction\":[{\"@type\":\"SearchAction\",\"target\":{\"@type\":\"EntryPoint\",\"urlTemplate\":\"https:\/\/www.q-pilates.com\/?s={search_term_string}\"},\"query-input\":{\"@type\":\"PropertyValueSpecification\",\"valueRequired\":true,\"valueName\":\"search_term_string\"}}],\"inLanguage\":\"es\"},{\"@type\":\"Organization\",\"@id\":\"https:\/\/www.q-pilates.com\/#organization\",\"name\":\"Pilates\",\"url\":\"https:\/\/www.q-pilates.com\/\",\"logo\":{\"@type\":\"ImageObject\",\"inLanguage\":\"es\",\"@id\":\"https:\/\/www.q-pilates.com\/#\/schema\/logo\/image\/\",\"url\":\"https:\/\/www.q-pilates.com\/wp-content\/uploads\/2025\/07\/logo.png\",\"contentUrl\":\"https:\/\/www.q-pilates.com\/wp-content\/uploads\/2025\/07\/logo.png\",\"width\":328,\"height\":198,\"caption\":\"Pilates\"},\"image\":{\"@id\":\"https:\/\/www.q-pilates.com\/#\/schema\/logo\/image\/\"}}]}<\/script>\n<!-- \/ Yoast SEO plugin. -->","yoast_head_json":{"title":"Clases de Pilates en Barcelona - QPilates","description":"Descubre todas nuestras modalidades de clases de pilates en Barcelona. Escoge la que m\u00e1s se adapte a ti y recibe atenci\u00f3n personalizada.","robots":{"index":"index","follow":"follow","max-snippet":"max-snippet:-1","max-image-preview":"max-image-preview:large","max-video-preview":"max-video-preview:-1"},"canonical":"https:\/\/www.q-pilates.com\/es\/clases-pilates\/","og_locale":"es_ES","og_type":"article","og_title":"Clases de Pilates en Barcelona - QPilates","og_description":"Descubre todas nuestras modalidades de clases de pilates en Barcelona. Escoge la que m\u00e1s se adapte a ti y recibe atenci\u00f3n personalizada.","og_url":"https:\/\/www.q-pilates.com\/es\/clases-pilates\/","og_site_name":"QPilates","article_modified_time":"2026-02-10T15:05:01+00:00","twitter_card":"summary_large_image","twitter_misc":{"Tiempo de lectura":"2 minutos"},"schema":{"@context":"https:\/\/schema.org","@graph":[{"@type":"WebPage","@id":"https:\/\/www.q-pilates.com\/es\/clases-pilates\/","url":"https:\/\/www.q-pilates.com\/es\/clases-pilates\/","name":"Clases de Pilates en Barcelona - QPilates","isPartOf":{"@id":"https:\/\/www.q-pilates.com\/#website"},"primaryImageOfPage":{"@id":"https:\/\/www.q-pilates.com\/es\/clases-pilates\/#primaryimage"},"image":{"@id":"https:\/\/www.q-pilates.com\/es\/clases-pilates\/#primaryimage"},"thumbnailUrl":"https:\/\/www.q-pilates.com\/wp-content\/uploads\/2026\/02\/classes_pilates_barcelona.jpg","datePublished":"2025-07-11T21:53:11+00:00","dateModified":"2026-02-10T15:05:01+00:00","description":"Descubre todas nuestras modalidades de clases de pilates en Barcelona. Escoge la que m\u00e1s se adapte a ti y recibe atenci\u00f3n personalizada.","breadcrumb":{"@id":"https:\/\/www.q-pilates.com\/es\/clases-pilates\/#breadcrumb"},"inLanguage":"es","potentialAction":[{"@type":"ReadAction","target":["https:\/\/www.q-pilates.com\/es\/clases-pilates\/"]}]},{"@type":"ImageObject","inLanguage":"es","@id":"https:\/\/www.q-pilates.com\/es\/clases-pilates\/#primaryimage","url":"https:\/\/www.q-pilates.com\/wp-content\/uploads\/2026\/02\/classes_pilates_barcelona.jpg","contentUrl":"https:\/\/www.q-pilates.com\/wp-content\/uploads\/2026\/02\/classes_pilates_barcelona.jpg"},{"@type":"BreadcrumbList","@id":"https:\/\/www.q-pilates.com\/es\/clases-pilates\/#breadcrumb","itemListElement":[{"@type":"ListItem","position":1,"name":"Inici","item":"https:\/\/www.q-pilates.com\/es\/"},{"@type":"ListItem","position":2,"name":"Clases"}]},{"@type":"WebSite","@id":"https:\/\/www.q-pilates.com\/#website","url":"https:\/\/www.q-pilates.com\/","name":"Pilates","description":"","publisher":{"@id":"https:\/\/www.q-pilates.com\/#organization"},"potentialAction":[{"@type":"SearchAction","target":{"@type":"EntryPoint","urlTemplate":"https:\/\/www.q-pilates.com\/?s={search_term_string}"},"query-input":{"@type":"PropertyValueSpecification","valueRequired":true,"valueName":"search_term_string"}}],"inLanguage":"es"},{"@type":"Organization","@id":"https:\/\/www.q-pilates.com\/#organization","name":"Pilates","url":"https:\/\/www.q-pilates.com\/","logo":{"@type":"ImageObject","inLanguage":"es","@id":"https:\/\/www.q-pilates.com\/#\/schema\/logo\/image\/","url":"https:\/\/www.q-pilates.com\/wp-content\/uploads\/2025\/07\/logo.png","contentUrl":"https:\/\/www.q-pilates.com\/wp-content\/uploads\/2025\/07\/logo.png","width":328,"height":198,"caption":"Pilates"},"image":{"@id":"https:\/\/www.q-pilates.com\/#\/schema\/logo\/image\/"}}]}},"_links":{"self":[{"href":"https:\/\/www.q-pilates.com\/es\/wp-json\/wp\/v2\/pages\/916","targetHints":{"allow":["GET"]}}],"collection":[{"href":"https:\/\/www.q-pilates.com\/es\/wp-json\/wp\/v2\/pages"}],"about":[{"href":"https:\/\/www.q-pilates.com\/es\/wp-json\/wp\/v2\/types\/page"}],"author":[{"embeddable":true,"href":"https:\/\/www.q-pilates.com\/es\/wp-json\/wp\/v2\/users\/1"}],"replies":[{"embeddable":true,"href":"https:\/\/www.q-pilates.com\/es\/wp-json\/wp\/v2\/comments?post=916"}],"version-history":[{"count":7,"href":"https:\/\/www.q-pilates.com\/es\/wp-json\/wp\/v2\/pages\/916\/revisions"}],"predecessor-version":[{"id":1414,"href":"https:\/\/www.q-pilates.com\/es\/wp-json\/wp\/v2\/pages\/916\/revisions\/1414"}],"wp:attachment":[{"href":"https:\/\/www.q-pilates.com\/es\/wp-json\/wp\/v2\/media?parent=916"}],"curies":[{"name":"wp","href":"https:\/\/api.w.org\/{rel}","templated":true}]}}